{"id":9035,"date":"2022-10-14T20:56:54","date_gmt":"2022-10-15T01:56:54","guid":{"rendered":"https:\/\/www.aseia.com.co\/sitioviejo\/?page_id=9035"},"modified":"2022-10-20T09:15:46","modified_gmt":"2022-10-20T14:15:46","slug":"vlog","status":"publish","type":"page","link":"https:\/\/aseia.com.co\/sitioviejo\/vlog\/","title":{"rendered":"Vlog"},"content":{"rendered":"\t\t<div data-elementor-type=\"wp-page\" data-elementor-id=\"9035\" class=\"elementor elementor-9035\" data-elementor-settings=\"[]\">\n\t\t\t\t\t\t<div class=\"elementor-inner\">\n\t\t\t\t\t\t\t<div class=\"elementor-section-wrap\">\n\t\t\t\t\t\t\t<section class=\"elementor-section elementor-top-section elementor-element elementor-element-667b0aa elementor-section-full_width elementor-section-stretched elementor-section-height-default elementor-section-height-default\" data-id=\"667b0aa\" data-element_type=\"section\" data-settings=\"{&quot;stretch_section&quot;:&quot;section-stretched&quot;}\">\n\t\t\t\t\t\t<div class=\"elementor-container elementor-column-gap-default\">\n\t\t\t\t\t\t\t<div class=\"elementor-row\">\n\t\t\t\t\t<div class=\"elementor-column elementor-col-100 elementor-top-column elementor-element elementor-element-12bf0e7\" data-id=\"12bf0e7\" data-element_type=\"column\">\n\t\t\t<div class=\"elementor-column-wrap elementor-element-populated\">\n\t\t\t\t\t\t\t<div class=\"elementor-widget-wrap\">\n\t\t\t\t\t\t<section class=\"elementor-section elementor-inner-section elementor-element elementor-element-57e3324 elementor-section-boxed elementor-section-height-default elementor-section-height-default\" data-id=\"57e3324\" data-element_type=\"section\">\n\t\t\t\t\t\t<div class=\"elementor-container elementor-column-gap-default\">\n\t\t\t\t\t\t\t<div class=\"elementor-row\">\n\t\t\t\t\t<div class=\"elementor-column elementor-col-100 elementor-inner-column elementor-element elementor-element-21d566c\" data-id=\"21d566c\" data-element_type=\"column\">\n\t\t\t<div class=\"elementor-column-wrap elementor-element-populated\">\n\t\t\t\t\t\t\t<div class=\"elementor-widget-wrap\">\n\t\t\t\t\t\t<div class=\"elementor-element elementor-element-74d412b elementor-grid-2 elementor-grid-tablet-2 elementor-grid-mobile-1 elementor-posts--thumbnail-top elementor-posts--show-avatar elementor-card-shadow-yes elementor-posts__hover-gradient elementor-widget elementor-widget-posts\" data-id=\"74d412b\" data-element_type=\"widget\" data-settings=\"{&quot;cards_columns&quot;:&quot;2&quot;,&quot;cards_columns_tablet&quot;:&quot;2&quot;,&quot;cards_columns_mobile&quot;:&quot;1&quot;,&quot;cards_row_gap&quot;:{&quot;unit&quot;:&quot;px&quot;,&quot;size&quot;:35,&quot;sizes&quot;:[]}}\" data-widget_type=\"posts.cards\">\n\t\t\t\t<div class=\"elementor-widget-container\">\n\t\t\t\t\t<div class=\"elementor-posts-container elementor-posts elementor-posts--skin-cards elementor-grid\">\n\t\t\t\t<article class=\"elementor-post elementor-grid-item post-9660 post type-post status-publish format-standard has-post-thumbnail hentry category-pnl tag-ansiedad tag-depresion tag-enfermedad-mental tag-inconsciente-luminoso tag-liliana-zambrano tag-pnl tag-psicologia tag-salud-mental\">\n\t\t\t<div class=\"elementor-post__card\">\n\t\t\t\t<a class=\"elementor-post__thumbnail__link\" href=\"https:\/\/aseia.com.co\/sitioviejo\/2023\/01\/30\/miedo-al-miedo-como-vencerlo-sin-paralizarse\/\" >\n\t\t\t<div class=\"elementor-post__thumbnail\"><img width=\"500\" height=\"300\" src=\"https:\/\/aseia.com.co\/sitioviejo\/wp-content\/uploads\/2023\/02\/BLOGS-MIEDO-1.jpg\" class=\"attachment-full size-full\" alt=\"\" loading=\"lazy\" srcset=\"https:\/\/aseia.com.co\/sitioviejo\/wp-content\/uploads\/2023\/02\/BLOGS-MIEDO-1.jpg 500w, https:\/\/aseia.com.co\/sitioviejo\/wp-content\/uploads\/2023\/02\/BLOGS-MIEDO-1-300x180.jpg 300w\" sizes=\"(max-width: 500px) 100vw, 500px\" \/><\/div>\n\t\t<\/a>\n\t\t\t\t<div class=\"elementor-post__badge\">PNL<\/div>\n\t\t\t\t<div class=\"elementor-post__avatar\">\n\t\t\t<img alt='Liliana Zambrano' src='https:\/\/secure.gravatar.com\/avatar\/74400e056cccaa7646d5a0dbdbee51eb?s=128&#038;d=mm&#038;r=g' srcset='https:\/\/secure.gravatar.com\/avatar\/74400e056cccaa7646d5a0dbdbee51eb?s=256&#038;d=mm&#038;r=g 2x' class='avatar avatar-128 photo' height='128' width='128' loading='lazy'\/>\t\t<\/div>\n\t\t\t\t<div class=\"elementor-post__text\">\n\t\t\t\t<h3 class=\"elementor-post__title\">\n\t\t\t<a href=\"https:\/\/aseia.com.co\/sitioviejo\/2023\/01\/30\/miedo-al-miedo-como-vencerlo-sin-paralizarse\/\" >\n\t\t\t\t\u00bfMiedo al miedo? &#8211; c\u00f3mo vencerlo sin paralizarse\t\t\t<\/a>\n\t\t<\/h3>\n\t\t\t\t<div class=\"elementor-post__excerpt\">\n\t\t\t<p>\u00bfMiedo al miedo? C\u00f3mo vencerlo sin paralizarse \u00bfAlguna vez te has sentido perturbado por sentir miedo?, quiero contarte que el miedo es una emoci\u00f3n b\u00e1sica<\/p>\n\t\t<\/div>\n\t\t\t\t\t<a class=\"elementor-post__read-more\" href=\"https:\/\/aseia.com.co\/sitioviejo\/2023\/01\/30\/miedo-al-miedo-como-vencerlo-sin-paralizarse\/\" >\n\t\t\t\tLeer m\u00e1s \u00bb\t\t\t<\/a>\n\t\t\t\t<\/div>\n\t\t\t\t<div class=\"elementor-post__meta-data\">\n\t\t\t\t\t<span class=\"elementor-post-date\">\n\t\t\t30 enero, 2023\t\t<\/span>\n\t\t\t\t<span class=\"elementor-post-avatar\">\n\t\t\tNo hay comentarios\t\t<\/span>\n\t\t\t\t<\/div>\n\t\t\t\t\t<\/div>\n\t\t<\/article>\n\t\t\t\t<article class=\"elementor-post elementor-grid-item post-9576 post type-post status-publish format-standard has-post-thumbnail hentry category-pnl tag-ansiedad tag-aseia tag-liliana-zambrano tag-psicologia tag-salud-mental\">\n\t\t\t<div class=\"elementor-post__card\">\n\t\t\t\t<a class=\"elementor-post__thumbnail__link\" href=\"https:\/\/aseia.com.co\/sitioviejo\/2023\/01\/28\/una-fobia-sobrehumana-patrones-para-superar-una-fobia\/\" >\n\t\t\t<div class=\"elementor-post__thumbnail\"><img width=\"500\" height=\"300\" src=\"https:\/\/aseia.com.co\/sitioviejo\/wp-content\/uploads\/2023\/02\/BLOGS-FOBIA-ROSA.jpg\" class=\"attachment-full size-full\" alt=\"Una fobia superhumana - Liliana Zambrano\" loading=\"lazy\" srcset=\"https:\/\/aseia.com.co\/sitioviejo\/wp-content\/uploads\/2023\/02\/BLOGS-FOBIA-ROSA.jpg 500w, https:\/\/aseia.com.co\/sitioviejo\/wp-content\/uploads\/2023\/02\/BLOGS-FOBIA-ROSA-300x180.jpg 300w\" sizes=\"(max-width: 500px) 100vw, 500px\" \/><\/div>\n\t\t<\/a>\n\t\t\t\t<div class=\"elementor-post__badge\">PNL<\/div>\n\t\t\t\t<div class=\"elementor-post__avatar\">\n\t\t\t<img alt='Liliana Zambrano' src='https:\/\/secure.gravatar.com\/avatar\/74400e056cccaa7646d5a0dbdbee51eb?s=128&#038;d=mm&#038;r=g' srcset='https:\/\/secure.gravatar.com\/avatar\/74400e056cccaa7646d5a0dbdbee51eb?s=256&#038;d=mm&#038;r=g 2x' class='avatar avatar-128 photo' height='128' width='128' loading='lazy'\/>\t\t<\/div>\n\t\t\t\t<div class=\"elementor-post__text\">\n\t\t\t\t<h3 class=\"elementor-post__title\">\n\t\t\t<a href=\"https:\/\/aseia.com.co\/sitioviejo\/2023\/01\/28\/una-fobia-sobrehumana-patrones-para-superar-una-fobia\/\" >\n\t\t\t\tUna fobia sobrehumana &#8211; Patrones para superar una fobia\t\t\t<\/a>\n\t\t<\/h3>\n\t\t\t\t<div class=\"elementor-post__excerpt\">\n\t\t\t<p>Una fobia sobrehumana Patrones para superar una fobia \u00bfSab\u00edas que el 9% de la poblaci\u00f3n mundial padece alguna fobia? La fobia es un trastorno de<\/p>\n\t\t<\/div>\n\t\t\t\t\t<a class=\"elementor-post__read-more\" href=\"https:\/\/aseia.com.co\/sitioviejo\/2023\/01\/28\/una-fobia-sobrehumana-patrones-para-superar-una-fobia\/\" >\n\t\t\t\tLeer m\u00e1s \u00bb\t\t\t<\/a>\n\t\t\t\t<\/div>\n\t\t\t\t<div class=\"elementor-post__meta-data\">\n\t\t\t\t\t<span class=\"elementor-post-date\">\n\t\t\t28 enero, 2023\t\t<\/span>\n\t\t\t\t<span class=\"elementor-post-avatar\">\n\t\t\tNo hay comentarios\t\t<\/span>\n\t\t\t\t<\/div>\n\t\t\t\t\t<\/div>\n\t\t<\/article>\n\t\t\t\t<article class=\"elementor-post elementor-grid-item post-9620 post type-post status-publish format-standard has-post-thumbnail hentry category-sin-categoria\">\n\t\t\t<div class=\"elementor-post__card\">\n\t\t\t\t<a class=\"elementor-post__thumbnail__link\" href=\"https:\/\/aseia.com.co\/sitioviejo\/2023\/01\/27\/corazon-roto-aprende-a-sanar-con-espiritualidad\/\" >\n\t\t\t<div class=\"elementor-post__thumbnail\"><img width=\"500\" height=\"300\" src=\"https:\/\/aseia.com.co\/sitioviejo\/wp-content\/uploads\/2023\/02\/BLOGS-CORAZON-ROTO.jpg\" class=\"attachment-full size-full\" alt=\"espiritualidad - liliana zambrano\" loading=\"lazy\" srcset=\"https:\/\/aseia.com.co\/sitioviejo\/wp-content\/uploads\/2023\/02\/BLOGS-CORAZON-ROTO.jpg 500w, https:\/\/aseia.com.co\/sitioviejo\/wp-content\/uploads\/2023\/02\/BLOGS-CORAZON-ROTO-300x180.jpg 300w\" sizes=\"(max-width: 500px) 100vw, 500px\" \/><\/div>\n\t\t<\/a>\n\t\t\t\t<div class=\"elementor-post__badge\">Sin categor\u00eda<\/div>\n\t\t\t\t<div class=\"elementor-post__avatar\">\n\t\t\t<img alt='Liliana Zambrano' src='https:\/\/secure.gravatar.com\/avatar\/74400e056cccaa7646d5a0dbdbee51eb?s=128&#038;d=mm&#038;r=g' srcset='https:\/\/secure.gravatar.com\/avatar\/74400e056cccaa7646d5a0dbdbee51eb?s=256&#038;d=mm&#038;r=g 2x' class='avatar avatar-128 photo' height='128' width='128' loading='lazy'\/>\t\t<\/div>\n\t\t\t\t<div class=\"elementor-post__text\">\n\t\t\t\t<h3 class=\"elementor-post__title\">\n\t\t\t<a href=\"https:\/\/aseia.com.co\/sitioviejo\/2023\/01\/27\/corazon-roto-aprende-a-sanar-con-espiritualidad\/\" >\n\t\t\t\t\u00bfCoraz\u00f3n roto? &#8211; Aprende a sanar con espiritualidad\t\t\t<\/a>\n\t\t<\/h3>\n\t\t\t\t<div class=\"elementor-post__excerpt\">\n\t\t\t<p>\u00bfCoraz\u00f3n roto? Aprende a sanar con espiritualidad \u00bfLa sanaci\u00f3n espiritual reconstruye tu coraz\u00f3n quebrantado? Para comprender qu\u00e9 es la espiritualidad hay que tener en cuenta<\/p>\n\t\t<\/div>\n\t\t\t\t\t<a class=\"elementor-post__read-more\" href=\"https:\/\/aseia.com.co\/sitioviejo\/2023\/01\/27\/corazon-roto-aprende-a-sanar-con-espiritualidad\/\" >\n\t\t\t\tLeer m\u00e1s \u00bb\t\t\t<\/a>\n\t\t\t\t<\/div>\n\t\t\t\t<div class=\"elementor-post__meta-data\">\n\t\t\t\t\t<span class=\"elementor-post-date\">\n\t\t\t27 enero, 2023\t\t<\/span>\n\t\t\t\t<span class=\"elementor-post-avatar\">\n\t\t\tNo hay comentarios\t\t<\/span>\n\t\t\t\t<\/div>\n\t\t\t\t\t<\/div>\n\t\t<\/article>\n\t\t\t\t<article class=\"elementor-post elementor-grid-item post-7369 post type-post status-publish format-standard has-post-thumbnail hentry category-aseia tag-aseia tag-creatividad tag-motivacion tag-pnl tag-procesos-cognitivos tag-salud-mental tag-tips\">\n\t\t\t<div class=\"elementor-post__card\">\n\t\t\t\t<a class=\"elementor-post__thumbnail__link\" href=\"https:\/\/aseia.com.co\/sitioviejo\/2022\/02\/24\/ideas-practicas-para-aumentar-la-creatividad\/\" >\n\t\t\t<div class=\"elementor-post__thumbnail\"><img width=\"600\" height=\"400\" src=\"https:\/\/aseia.com.co\/sitioviejo\/wp-content\/uploads\/2022\/02\/PORTADA-BLOG-3PAUTA.jpg\" class=\"attachment-full size-full\" alt=\"\" loading=\"lazy\" srcset=\"https:\/\/aseia.com.co\/sitioviejo\/wp-content\/uploads\/2022\/02\/PORTADA-BLOG-3PAUTA.jpg 600w, https:\/\/aseia.com.co\/sitioviejo\/wp-content\/uploads\/2022\/02\/PORTADA-BLOG-3PAUTA-300x200.jpg 300w\" sizes=\"(max-width: 600px) 100vw, 600px\" \/><\/div>\n\t\t<\/a>\n\t\t\t\t<div class=\"elementor-post__badge\">ASEIA<\/div>\n\t\t\t\t<div class=\"elementor-post__avatar\">\n\t\t\t<img width=\"128\" height=\"128\" src=\"https:\/\/aseia.com.co\/sitioviejo\/wp-content\/uploads\/2020\/07\/cropped-LOGO_ASEIA_DEG_1-150x150.png\" class=\"avatar avatar-128 photo\" alt=\"Aseia\" loading=\"lazy\" srcset=\"https:\/\/aseia.com.co\/sitioviejo\/wp-content\/uploads\/2020\/07\/cropped-LOGO_ASEIA_DEG_1-150x150.png 150w, https:\/\/aseia.com.co\/sitioviejo\/wp-content\/uploads\/2020\/07\/cropped-LOGO_ASEIA_DEG_1-300x300.png 300w, https:\/\/aseia.com.co\/sitioviejo\/wp-content\/uploads\/2020\/07\/cropped-LOGO_ASEIA_DEG_1-500x500.png 500w, https:\/\/aseia.com.co\/sitioviejo\/wp-content\/uploads\/2020\/07\/cropped-LOGO_ASEIA_DEG_1-100x100.png 100w, https:\/\/aseia.com.co\/sitioviejo\/wp-content\/uploads\/2020\/07\/cropped-LOGO_ASEIA_DEG_1-270x270.png 270w, https:\/\/aseia.com.co\/sitioviejo\/wp-content\/uploads\/2020\/07\/cropped-LOGO_ASEIA_DEG_1-192x192.png 192w, https:\/\/aseia.com.co\/sitioviejo\/wp-content\/uploads\/2020\/07\/cropped-LOGO_ASEIA_DEG_1-180x180.png 180w, https:\/\/aseia.com.co\/sitioviejo\/wp-content\/uploads\/2020\/07\/cropped-LOGO_ASEIA_DEG_1-32x32.png 32w, https:\/\/aseia.com.co\/sitioviejo\/wp-content\/uploads\/2020\/07\/cropped-LOGO_ASEIA_DEG_1.png 512w\" sizes=\"(max-width: 128px) 100vw, 128px\" \/>\t\t<\/div>\n\t\t\t\t<div class=\"elementor-post__text\">\n\t\t\t\t<h3 class=\"elementor-post__title\">\n\t\t\t<a href=\"https:\/\/aseia.com.co\/sitioviejo\/2022\/02\/24\/ideas-practicas-para-aumentar-la-creatividad\/\" >\n\t\t\t\tIdeas pr\u00e1cticas para aumentar la creatividad\t\t\t<\/a>\n\t\t<\/h3>\n\t\t\t\t<div class=\"elementor-post__excerpt\">\n\t\t\t<p>24 Feb Ideas pr\u00e1cticas para aumentar la creatividad La salud mental es un factor importante en el proceso creativo, ya que por medio de su<\/p>\n\t\t<\/div>\n\t\t\t\t\t<a class=\"elementor-post__read-more\" href=\"https:\/\/aseia.com.co\/sitioviejo\/2022\/02\/24\/ideas-practicas-para-aumentar-la-creatividad\/\" >\n\t\t\t\tLeer m\u00e1s \u00bb\t\t\t<\/a>\n\t\t\t\t<\/div>\n\t\t\t\t<div class=\"elementor-post__meta-data\">\n\t\t\t\t\t<span class=\"elementor-post-date\">\n\t\t\t24 febrero, 2022\t\t<\/span>\n\t\t\t\t<span class=\"elementor-post-avatar\">\n\t\t\tNo hay comentarios\t\t<\/span>\n\t\t\t\t<\/div>\n\t\t\t\t\t<\/div>\n\t\t<\/article>\n\t\t\t\t<article class=\"elementor-post elementor-grid-item post-7364 post type-post status-publish format-standard has-post-thumbnail hentry category-pnl tag-adolescencia tag-ansiedad tag-aseia tag-cerebro tag-depresion tag-energia tag-enfermedad-mental tag-estres tag-evolucion tag-pnl tag-salud\">\n\t\t\t<div class=\"elementor-post__card\">\n\t\t\t\t<a class=\"elementor-post__thumbnail__link\" href=\"https:\/\/aseia.com.co\/sitioviejo\/2022\/02\/24\/condiciones-emocionales-desde-la-pnl-la-depresion\/\" >\n\t\t\t<div class=\"elementor-post__thumbnail\"><img width=\"600\" height=\"400\" src=\"https:\/\/aseia.com.co\/sitioviejo\/wp-content\/uploads\/2022\/02\/PORTADA-BLOG-2PAUTA.jpg\" class=\"attachment-full size-full\" alt=\"\" loading=\"lazy\" srcset=\"https:\/\/aseia.com.co\/sitioviejo\/wp-content\/uploads\/2022\/02\/PORTADA-BLOG-2PAUTA.jpg 600w, https:\/\/aseia.com.co\/sitioviejo\/wp-content\/uploads\/2022\/02\/PORTADA-BLOG-2PAUTA-300x200.jpg 300w\" sizes=\"(max-width: 600px) 100vw, 600px\" \/><\/div>\n\t\t<\/a>\n\t\t\t\t<div class=\"elementor-post__badge\">PNL<\/div>\n\t\t\t\t<div class=\"elementor-post__avatar\">\n\t\t\t<img width=\"128\" height=\"128\" src=\"https:\/\/aseia.com.co\/sitioviejo\/wp-content\/uploads\/2020\/07\/cropped-LOGO_ASEIA_DEG_1-150x150.png\" class=\"avatar avatar-128 photo\" alt=\"Aseia\" loading=\"lazy\" srcset=\"https:\/\/aseia.com.co\/sitioviejo\/wp-content\/uploads\/2020\/07\/cropped-LOGO_ASEIA_DEG_1-150x150.png 150w, https:\/\/aseia.com.co\/sitioviejo\/wp-content\/uploads\/2020\/07\/cropped-LOGO_ASEIA_DEG_1-300x300.png 300w, https:\/\/aseia.com.co\/sitioviejo\/wp-content\/uploads\/2020\/07\/cropped-LOGO_ASEIA_DEG_1-500x500.png 500w, https:\/\/aseia.com.co\/sitioviejo\/wp-content\/uploads\/2020\/07\/cropped-LOGO_ASEIA_DEG_1-100x100.png 100w, https:\/\/aseia.com.co\/sitioviejo\/wp-content\/uploads\/2020\/07\/cropped-LOGO_ASEIA_DEG_1-270x270.png 270w, https:\/\/aseia.com.co\/sitioviejo\/wp-content\/uploads\/2020\/07\/cropped-LOGO_ASEIA_DEG_1-192x192.png 192w, https:\/\/aseia.com.co\/sitioviejo\/wp-content\/uploads\/2020\/07\/cropped-LOGO_ASEIA_DEG_1-180x180.png 180w, https:\/\/aseia.com.co\/sitioviejo\/wp-content\/uploads\/2020\/07\/cropped-LOGO_ASEIA_DEG_1-32x32.png 32w, https:\/\/aseia.com.co\/sitioviejo\/wp-content\/uploads\/2020\/07\/cropped-LOGO_ASEIA_DEG_1.png 512w\" sizes=\"(max-width: 128px) 100vw, 128px\" \/>\t\t<\/div>\n\t\t\t\t<div class=\"elementor-post__text\">\n\t\t\t\t<h3 class=\"elementor-post__title\">\n\t\t\t<a href=\"https:\/\/aseia.com.co\/sitioviejo\/2022\/02\/24\/condiciones-emocionales-desde-la-pnl-la-depresion\/\" >\n\t\t\t\tCondiciones emocionales desde la PNL | La depresi\u00f3n\t\t\t<\/a>\n\t\t<\/h3>\n\t\t\t\t<div class=\"elementor-post__excerpt\">\n\t\t\t<p>24 Feb Condiciones emocionales desde la PNL | La depresi\u00f3n La depresi\u00f3n es una de las afecciones m\u00e1s comunes\u00a0del planeta, afectando al 4.4% de la<\/p>\n\t\t<\/div>\n\t\t\t\t\t<a class=\"elementor-post__read-more\" href=\"https:\/\/aseia.com.co\/sitioviejo\/2022\/02\/24\/condiciones-emocionales-desde-la-pnl-la-depresion\/\" >\n\t\t\t\tLeer m\u00e1s \u00bb\t\t\t<\/a>\n\t\t\t\t<\/div>\n\t\t\t\t<div class=\"elementor-post__meta-data\">\n\t\t\t\t\t<span class=\"elementor-post-date\">\n\t\t\t24 febrero, 2022\t\t<\/span>\n\t\t\t\t<span class=\"elementor-post-avatar\">\n\t\t\tNo hay comentarios\t\t<\/span>\n\t\t\t\t<\/div>\n\t\t\t\t\t<\/div>\n\t\t<\/article>\n\t\t\t\t<article class=\"elementor-post elementor-grid-item post-7361 post type-post status-publish format-standard has-post-thumbnail hentry category-aseia tag-ansiedad tag-aseia tag-depresion tag-enfermedad-mental tag-neurofelicidad tag-pnl tag-salud tag-sanacion tag-testimonio-de-vida\">\n\t\t\t<div class=\"elementor-post__card\">\n\t\t\t\t<a class=\"elementor-post__thumbnail__link\" href=\"https:\/\/aseia.com.co\/sitioviejo\/2022\/02\/24\/venciendo-la-ansiedad-testimonio-de-sara-vanegas\/\" >\n\t\t\t<div class=\"elementor-post__thumbnail\"><img width=\"600\" height=\"400\" src=\"https:\/\/aseia.com.co\/sitioviejo\/wp-content\/uploads\/2022\/02\/PORTADA-BLOGPAUTA.jpg\" class=\"attachment-full size-full\" alt=\"\" loading=\"lazy\" srcset=\"https:\/\/aseia.com.co\/sitioviejo\/wp-content\/uploads\/2022\/02\/PORTADA-BLOGPAUTA.jpg 600w, https:\/\/aseia.com.co\/sitioviejo\/wp-content\/uploads\/2022\/02\/PORTADA-BLOGPAUTA-300x200.jpg 300w\" sizes=\"(max-width: 600px) 100vw, 600px\" \/><\/div>\n\t\t<\/a>\n\t\t\t\t<div class=\"elementor-post__badge\">ASEIA<\/div>\n\t\t\t\t<div class=\"elementor-post__avatar\">\n\t\t\t<img width=\"128\" height=\"128\" src=\"https:\/\/aseia.com.co\/sitioviejo\/wp-content\/uploads\/2020\/07\/cropped-LOGO_ASEIA_DEG_1-150x150.png\" class=\"avatar avatar-128 photo\" alt=\"Aseia\" loading=\"lazy\" srcset=\"https:\/\/aseia.com.co\/sitioviejo\/wp-content\/uploads\/2020\/07\/cropped-LOGO_ASEIA_DEG_1-150x150.png 150w, https:\/\/aseia.com.co\/sitioviejo\/wp-content\/uploads\/2020\/07\/cropped-LOGO_ASEIA_DEG_1-300x300.png 300w, https:\/\/aseia.com.co\/sitioviejo\/wp-content\/uploads\/2020\/07\/cropped-LOGO_ASEIA_DEG_1-500x500.png 500w, https:\/\/aseia.com.co\/sitioviejo\/wp-content\/uploads\/2020\/07\/cropped-LOGO_ASEIA_DEG_1-100x100.png 100w, https:\/\/aseia.com.co\/sitioviejo\/wp-content\/uploads\/2020\/07\/cropped-LOGO_ASEIA_DEG_1-270x270.png 270w, https:\/\/aseia.com.co\/sitioviejo\/wp-content\/uploads\/2020\/07\/cropped-LOGO_ASEIA_DEG_1-192x192.png 192w, https:\/\/aseia.com.co\/sitioviejo\/wp-content\/uploads\/2020\/07\/cropped-LOGO_ASEIA_DEG_1-180x180.png 180w, https:\/\/aseia.com.co\/sitioviejo\/wp-content\/uploads\/2020\/07\/cropped-LOGO_ASEIA_DEG_1-32x32.png 32w, https:\/\/aseia.com.co\/sitioviejo\/wp-content\/uploads\/2020\/07\/cropped-LOGO_ASEIA_DEG_1.png 512w\" sizes=\"(max-width: 128px) 100vw, 128px\" \/>\t\t<\/div>\n\t\t\t\t<div class=\"elementor-post__text\">\n\t\t\t\t<h3 class=\"elementor-post__title\">\n\t\t\t<a href=\"https:\/\/aseia.com.co\/sitioviejo\/2022\/02\/24\/venciendo-la-ansiedad-testimonio-de-sara-vanegas\/\" >\n\t\t\t\tVenciendo la ansiedad | Testimonio de Sara Vanegas\t\t\t<\/a>\n\t\t<\/h3>\n\t\t\t\t<div class=\"elementor-post__excerpt\">\n\t\t\t<p>24 Feb Venciendo la ansiedad | Testimonio de Sara Vanegas Los problemas emocionales muchas veces generan sufrimiento en las personas, en este punto es necesario<\/p>\n\t\t<\/div>\n\t\t\t\t\t<a class=\"elementor-post__read-more\" href=\"https:\/\/aseia.com.co\/sitioviejo\/2022\/02\/24\/venciendo-la-ansiedad-testimonio-de-sara-vanegas\/\" >\n\t\t\t\tLeer m\u00e1s \u00bb\t\t\t<\/a>\n\t\t\t\t<\/div>\n\t\t\t\t<div class=\"elementor-post__meta-data\">\n\t\t\t\t\t<span class=\"elementor-post-date\">\n\t\t\t24 febrero, 2022\t\t<\/span>\n\t\t\t\t<span class=\"elementor-post-avatar\">\n\t\t\tNo hay comentarios\t\t<\/span>\n\t\t\t\t<\/div>\n\t\t\t\t\t<\/div>\n\t\t<\/article>\n\t\t\t\t<\/div>\n\t\t\t\t<nav class=\"elementor-pagination\" role=\"navigation\" aria-label=\"Pagination\">\n\t\t\t<span class=\"page-numbers prev\">&laquo; Anterior<\/span>\n<span aria-current=\"page\" class=\"page-numbers current\"><span class=\"elementor-screen-only\">Page<\/span>1<\/span>\n<a class=\"page-numbers\" href=\"https:\/\/aseia.com.co\/sitioviejo\/wp-json\/wp\/v2\/pages\/9035\/page\/2\/\"><span class=\"elementor-screen-only\">Page<\/span>2<\/a>\n<a class=\"page-numbers\" href=\"https:\/\/aseia.com.co\/sitioviejo\/wp-json\/wp\/v2\/pages\/9035\/page\/3\/\"><span class=\"elementor-screen-only\">Page<\/span>3<\/a>\n<a class=\"page-numbers\" href=\"https:\/\/aseia.com.co\/sitioviejo\/wp-json\/wp\/v2\/pages\/9035\/page\/4\/\"><span class=\"elementor-screen-only\">Page<\/span>4<\/a>\n<a class=\"page-numbers next\" href=\"https:\/\/aseia.com.co\/sitioviejo\/wp-json\/wp\/v2\/pages\/9035\/page\/2\/\">Siguiente &raquo;<\/a>\t\t<\/nav>\n\t\t\t\t<\/div>\n\t\t\t\t<\/div>\n\t\t\t\t\t\t<\/div>\n\t\t\t\t\t<\/div>\n\t\t<\/div>\n\t\t\t\t\t\t\t\t<\/div>\n\t\t\t\t\t<\/div>\n\t\t<\/section>\n\t\t\t\t\t\t<\/div>\n\t\t\t\t\t<\/div>\n\t\t<\/div>\n\t\t\t\t\t\t\t\t<\/div>\n\t\t\t\t\t<\/div>\n\t\t<\/section>\n\t\t\t\t\t\t<\/div>\n\t\t\t\t\t\t<\/div>\n\t\t\t\t\t<\/div>\n\t\t","protected":false},"excerpt":{"rendered":"","protected":false},"author":1,"featured_media":0,"parent":0,"menu_order":0,"comment_status":"closed","ping_status":"closed","template":"","meta":[],"yoast_head":"<!-- This site is optimized with the Yoast SEO plugin v16.3 - https:\/\/yoast.com\/wordpress\/plugins\/seo\/ -->\n<title>Vlog - ASEIA By Liliana Zambrano<\/title>\n<meta name=\"robots\" content=\"noindex, follow, max-snippet:-1, max-image-preview:large, max-video-preview:-1\" \/>\n<meta property=\"og:locale\" content=\"es_ES\" \/>\n<meta property=\"og:type\" content=\"article\" \/>\n<meta property=\"og:title\" content=\"Vlog - ASEIA By Liliana Zambrano\" \/>\n<meta property=\"og:url\" content=\"https:\/\/aseia.com.co\/sitioviejo\/vlog\/\" \/>\n<meta property=\"og:site_name\" content=\"ASEIA By Liliana Zambrano\" \/>\n<meta property=\"article:publisher\" content=\"https:\/\/www.facebook.com\/AseiaPNL\" \/>\n<meta property=\"article:modified_time\" content=\"2022-10-20T14:15:46+00:00\" \/>\n<meta name=\"twitter:card\" content=\"summary_large_image\" \/>\n<meta name=\"twitter:site\" content=\"@pnlaseia\" \/>\n<meta name=\"twitter:label1\" content=\"Est. reading time\">\n\t<meta name=\"twitter:data1\" content=\"4 minutos\">\n<script type=\"application\/ld+json\" class=\"yoast-schema-graph\">{\"@context\":\"https:\/\/schema.org\",\"@graph\":[{\"@type\":\"Organization\",\"@id\":\"https:\/\/aseia.com.co\/sitioviejo\/#organization\",\"name\":\"ASEIA\",\"url\":\"https:\/\/aseia.com.co\/sitioviejo\/\",\"sameAs\":[\"https:\/\/www.facebook.com\/AseiaPNL\",\"https:\/\/www.instagram.com\/pnlaseia\/\",\"https:\/\/www.linkedin.com\/in\/aseia-pnl-509923139\/\",\"https:\/\/www.youtube.com\/channel\/UC14xBZqaUo2vHTPO3Z1tRLA\",\"https:\/\/twitter.com\/pnlaseia\"],\"logo\":{\"@type\":\"ImageObject\",\"@id\":\"https:\/\/aseia.com.co\/sitioviejo\/#logo\",\"inLanguage\":\"es-CO\",\"url\":\"https:\/\/www.aseia.com.co\/sitioviejo\/wp-content\/uploads\/2020\/06\/LogoAseia1.png\",\"contentUrl\":\"https:\/\/www.aseia.com.co\/sitioviejo\/wp-content\/uploads\/2020\/06\/LogoAseia1.png\",\"width\":500,\"height\":128,\"caption\":\"ASEIA\"},\"image\":{\"@id\":\"https:\/\/aseia.com.co\/sitioviejo\/#logo\"}},{\"@type\":\"WebSite\",\"@id\":\"https:\/\/aseia.com.co\/sitioviejo\/#website\",\"url\":\"https:\/\/aseia.com.co\/sitioviejo\/\",\"name\":\"ASEIA\",\"description\":\"Transforma tu vida\",\"publisher\":{\"@id\":\"https:\/\/aseia.com.co\/sitioviejo\/#organization\"},\"potentialAction\":[{\"@type\":\"SearchAction\",\"target\":\"https:\/\/aseia.com.co\/sitioviejo\/?s={search_term_string}\",\"query-input\":\"required name=search_term_string\"}],\"inLanguage\":\"es-CO\"},{\"@type\":\"WebPage\",\"@id\":\"https:\/\/aseia.com.co\/sitioviejo\/vlog\/#webpage\",\"url\":\"https:\/\/aseia.com.co\/sitioviejo\/vlog\/\",\"name\":\"Vlog - ASEIA By Liliana Zambrano\",\"isPartOf\":{\"@id\":\"https:\/\/aseia.com.co\/sitioviejo\/#website\"},\"datePublished\":\"2022-10-15T01:56:54+00:00\",\"dateModified\":\"2022-10-20T14:15:46+00:00\",\"breadcrumb\":{\"@id\":\"https:\/\/aseia.com.co\/sitioviejo\/vlog\/#breadcrumb\"},\"inLanguage\":\"es-CO\",\"potentialAction\":[{\"@type\":\"ReadAction\",\"target\":[\"https:\/\/aseia.com.co\/sitioviejo\/vlog\/\"]}]},{\"@type\":\"BreadcrumbList\",\"@id\":\"https:\/\/aseia.com.co\/sitioviejo\/vlog\/#breadcrumb\",\"itemListElement\":[{\"@type\":\"ListItem\",\"position\":1,\"item\":{\"@type\":\"WebPage\",\"@id\":\"https:\/\/aseia.com.co\/sitioviejo\/\",\"url\":\"https:\/\/aseia.com.co\/sitioviejo\/\",\"name\":\"Home\"}},{\"@type\":\"ListItem\",\"position\":2,\"item\":{\"@id\":\"https:\/\/aseia.com.co\/sitioviejo\/vlog\/#webpage\"}}]}]}<\/script>\n<!-- \/ Yoast SEO plugin. -->","_links":{"self":[{"href":"https:\/\/aseia.com.co\/sitioviejo\/wp-json\/wp\/v2\/pages\/9035"}],"collection":[{"href":"https:\/\/aseia.com.co\/sitioviejo\/wp-json\/wp\/v2\/pages"}],"about":[{"href":"https:\/\/aseia.com.co\/sitioviejo\/wp-json\/wp\/v2\/types\/page"}],"author":[{"embeddable":true,"href":"https:\/\/aseia.com.co\/sitioviejo\/wp-json\/wp\/v2\/users\/1"}],"replies":[{"embeddable":true,"href":"https:\/\/aseia.com.co\/sitioviejo\/wp-json\/wp\/v2\/comments?post=9035"}],"version-history":[{"count":11,"href":"https:\/\/aseia.com.co\/sitioviejo\/wp-json\/wp\/v2\/pages\/9035\/revisions"}],"predecessor-version":[{"id":9133,"href":"https:\/\/aseia.com.co\/sitioviejo\/wp-json\/wp\/v2\/pages\/9035\/revisions\/9133"}],"wp:attachment":[{"href":"https:\/\/aseia.com.co\/sitioviejo\/wp-json\/wp\/v2\/media?parent=9035"}],"curies":[{"name":"wp","href":"https:\/\/api.w.org\/{rel}","templated":true}]}}