{"id":1709,"date":"2020-09-08T13:47:41","date_gmt":"2020-09-08T18:47:41","guid":{"rendered":"https:\/\/www.aseia.com.co\/sitioviejo\/?page_id=1709"},"modified":"2022-10-25T13:17:50","modified_gmt":"2022-10-25T18:17:50","slug":"inconsciente-luminoso-pnl","status":"publish","type":"page","link":"https:\/\/aseia.com.co\/sitioviejo\/inconsciente-luminoso-pnl\/","title":{"rendered":"Inconsciente Luminoso: La clave #1 de PNL"},"content":{"rendered":"\t\t<div data-elementor-type=\"wp-page\" data-elementor-id=\"1709\" class=\"elementor elementor-1709\" data-elementor-settings=\"[]\">\n\t\t\t\t\t\t<div class=\"elementor-inner\">\n\t\t\t\t\t\t\t<div class=\"elementor-section-wrap\">\n\t\t\t\t\t\t\t<section class=\"elementor-section elementor-top-section elementor-element elementor-element-9e2ca62 elementor-section-boxed elementor-section-height-default elementor-section-height-default\" data-id=\"9e2ca62\" data-element_type=\"section\">\n\t\t\t\t\t\t<div class=\"elementor-container elementor-column-gap-default\">\n\t\t\t\t\t\t\t<div class=\"elementor-row\">\n\t\t\t\t\t<div class=\"elementor-column elementor-col-100 elementor-top-column elementor-element elementor-element-ca66dd4\" data-id=\"ca66dd4\" data-element_type=\"column\">\n\t\t\t<div class=\"elementor-column-wrap elementor-element-populated\">\n\t\t\t\t\t\t\t<div class=\"elementor-widget-wrap\">\n\t\t\t\t\t\t<div class=\"elementor-element elementor-element-f0cba74 elementor-widget elementor-widget-heading\" data-id=\"f0cba74\" data-element_type=\"widget\" data-widget_type=\"heading.default\">\n\t\t\t\t<div class=\"elementor-widget-container\">\n\t\t\t<h2 class=\"elementor-heading-title elementor-size-default\">\u00bfQuieres aprender Programaci\u00f3n Neuroling\u00fc\u00edstica?<\/h2>\t\t<\/div>\n\t\t\t\t<\/div>\n\t\t\t\t<div class=\"elementor-element elementor-element-b9fab10 elementor-widget elementor-widget-text-editor\" data-id=\"b9fab10\" data-element_type=\"widget\" data-widget_type=\"text-editor.default\">\n\t\t\t\t<div class=\"elementor-widget-container\">\n\t\t\t\t\t<div class=\"elementor-text-editor elementor-clearfix\"><p>Hoy queremos ense\u00f1arte a reprogramar tus h\u00e1bitos comunicacionales a trav\u00e9s de la conexi\u00f3n con esta importante parte de tu corteza cerebral, llamada\u00a0<strong>inconsciente\u00a0<\/strong>gracias a efectivas herramientas de<strong>\u00a0PNL<\/strong>.<span id=\"more-1709\"><\/span><\/p><p>En este curso introductorio vas a encontrar\u00a0m\u00f3dulos de PNL que est\u00e1n dise\u00f1ados para brindarte excelentes herramientas b\u00e1sicas de la programacion neurolinguistica; permiti\u00e9ndote utilizarla en tu desarrollo personal,\u00a0 trayectoria a la excelencia integral todo a trav\u00e9s de la optimizaci\u00f3n de tu cerebro.<\/p><p>PNL inconsciente luminoso<\/p><p>Antes de iniciar, es muy importante que tengas presente la importancia de realizarlo en el orden correspondiente, para que puedas comprender algunos t\u00e9rminos y adaptarlos de manera correcta.<\/p><p>\u00a0<\/p><p>Accede a mi masterclass de PNL totalmente gratuita, ingresando <a href=\"https:\/\/www.aseia.com.co\/sitioviejo\/masterclass-de-pnl-con-la-dra-liliana-zambrano\/\"><span style=\"font-size: 14pt; color: #0c8ef7;\"><strong>aqu\u00ed<\/strong><\/span><\/a><\/p><\/div>\n\t\t\t\t<\/div>\n\t\t\t\t<\/div>\n\t\t\t\t\t\t<\/div>\n\t\t\t\t\t<\/div>\n\t\t<\/div>\n\t\t\t\t\t\t\t\t<\/div>\n\t\t\t\t\t<\/div>\n\t\t<\/section>\n\t\t\t\t<section class=\"elementor-section elementor-top-section elementor-element elementor-element-497a85c elementor-section-boxed elementor-section-height-default elementor-section-height-default\" data-id=\"497a85c\" data-element_type=\"section\">\n\t\t\t\t\t\t<div class=\"elementor-container elementor-column-gap-default\">\n\t\t\t\t\t\t\t<div class=\"elementor-row\">\n\t\t\t\t\t<div class=\"elementor-column elementor-col-100 elementor-top-column elementor-element elementor-element-fa58cd0\" data-id=\"fa58cd0\" data-element_type=\"column\">\n\t\t\t<div class=\"elementor-column-wrap elementor-element-populated\">\n\t\t\t\t\t\t\t<div class=\"elementor-widget-wrap\">\n\t\t\t\t\t\t<div class=\"elementor-element elementor-element-456e05e elementor-widget elementor-widget-image\" data-id=\"456e05e\" data-element_type=\"widget\" data-widget_type=\"image.default\">\n\t\t\t\t<div class=\"elementor-widget-container\">\n\t\t\t\t\t<div class=\"elementor-image\">\n\t\t\t\t\t\t\t\t\t\t<img width=\"1920\" height=\"250\" src=\"https:\/\/aseia.com.co\/sitioviejo\/wp-content\/uploads\/2021\/08\/pnl-.jpeg\" class=\"attachment-full size-full\" alt=\"masterclass pnl\" loading=\"lazy\" srcset=\"https:\/\/aseia.com.co\/sitioviejo\/wp-content\/uploads\/2021\/08\/pnl-.jpeg 1920w, https:\/\/aseia.com.co\/sitioviejo\/wp-content\/uploads\/2021\/08\/pnl--300x39.jpeg 300w, https:\/\/aseia.com.co\/sitioviejo\/wp-content\/uploads\/2021\/08\/pnl--1024x133.jpeg 1024w, https:\/\/aseia.com.co\/sitioviejo\/wp-content\/uploads\/2021\/08\/pnl--768x100.jpeg 768w, https:\/\/aseia.com.co\/sitioviejo\/wp-content\/uploads\/2021\/08\/pnl--1536x200.jpeg 1536w, https:\/\/aseia.com.co\/sitioviejo\/wp-content\/uploads\/2021\/08\/pnl--700x91.jpeg 700w, https:\/\/aseia.com.co\/sitioviejo\/wp-content\/uploads\/2021\/08\/pnl--600x78.jpeg 600w\" sizes=\"(max-width: 1920px) 100vw, 1920px\" \/>\t\t\t\t\t\t\t\t\t\t\t<\/div>\n\t\t\t\t<\/div>\n\t\t\t\t<\/div>\n\t\t\t\t\t\t<\/div>\n\t\t\t\t\t<\/div>\n\t\t<\/div>\n\t\t\t\t\t\t\t\t<\/div>\n\t\t\t\t\t<\/div>\n\t\t<\/section>\n\t\t\t\t<section class=\"elementor-section elementor-top-section elementor-element elementor-element-49ba3b2 elementor-section-boxed elementor-section-height-default elementor-section-height-default\" data-id=\"49ba3b2\" data-element_type=\"section\">\n\t\t\t\t\t\t<div class=\"elementor-container elementor-column-gap-default\">\n\t\t\t\t\t\t\t<div class=\"elementor-row\">\n\t\t\t\t\t<div class=\"elementor-column elementor-col-100 elementor-top-column elementor-element elementor-element-03bf708\" data-id=\"03bf708\" data-element_type=\"column\">\n\t\t\t<div class=\"elementor-column-wrap elementor-element-populated\">\n\t\t\t\t\t\t\t<div class=\"elementor-widget-wrap\">\n\t\t\t\t\t\t<div class=\"elementor-element elementor-element-7a4e0e6 elementor-widget elementor-widget-text-editor\" data-id=\"7a4e0e6\" data-element_type=\"widget\" data-widget_type=\"text-editor.default\">\n\t\t\t\t<div class=\"elementor-widget-container\">\n\t\t\t\t\t<div class=\"elementor-text-editor elementor-clearfix\"><div class=\"vc_row wpb_row section vc_row-fluid grid_section\"><div class=\" section_inner clearfix\"><div class=\"section_inner_margin clearfix\"><div class=\"wpb_column vc_column_container vc_col-sm-12\"><div class=\"vc_column-inner\"><div class=\"wpb_wrapper\"><div class=\"wpb_text_column wpb_content_element vc_custom_1601328601561\"><div class=\"wpb_wrapper\"><h3><span style=\"font-size: 14pt; color: #800080; font-family: helvetica, arial, sans-serif;\">El primer requisito para la comunicaci\u00f3n efectiva es el\u00a0<em>Rapport<\/em><\/span><\/h3><p><span style=\"color: #000000;\">Aprende a reconocer y a desarrollar los 3 momentos del rapport. Se determina generalmente por las descripciones de los sentimientos que resultan de \u00e9l, como lo son la confianza, la identificaci\u00f3n, la unidad, la familiaridad, etc, y esto se logra sin perder su propia personalidad.\u00a0 Este es uno de los 5 m\u00f3dulos desarrollados en el\u00a0<strong>Diplomado en PNL.<\/strong><\/span><\/p><\/div><\/div><\/div><\/div><\/div><\/div><\/div><\/div><div class=\"vc_row wpb_row section vc_row-fluid \"><div class=\" full_section_inner clearfix\"><div class=\"wpb_column vc_column_container vc_col-sm-12\"><div class=\"vc_column-inner\"><div class=\"wpb_wrapper\"><div class=\"vc_empty_space\">\u00a0<\/div><\/div><\/div><\/div><\/div><\/div><\/div>\n\t\t\t\t<\/div>\n\t\t\t\t<\/div>\n\t\t\t\t\t\t<\/div>\n\t\t\t\t\t<\/div>\n\t\t<\/div>\n\t\t\t\t\t\t\t\t<\/div>\n\t\t\t\t\t<\/div>\n\t\t<\/section>\n\t\t\t\t<section class=\"elementor-section elementor-top-section elementor-element elementor-element-facc17b elementor-section-boxed elementor-section-height-default elementor-section-height-default\" data-id=\"facc17b\" data-element_type=\"section\">\n\t\t\t\t\t\t<div class=\"elementor-container elementor-column-gap-default\">\n\t\t\t\t\t\t\t<div class=\"elementor-row\">\n\t\t\t\t\t<div class=\"elementor-column elementor-col-100 elementor-top-column elementor-element elementor-element-f3c2ffa\" data-id=\"f3c2ffa\" data-element_type=\"column\">\n\t\t\t<div class=\"elementor-column-wrap elementor-element-populated\">\n\t\t\t\t\t\t\t<div class=\"elementor-widget-wrap\">\n\t\t\t\t\t\t<div class=\"elementor-element elementor-element-8509f11 elementor-widget elementor-widget-image\" data-id=\"8509f11\" data-element_type=\"widget\" data-widget_type=\"image.default\">\n\t\t\t\t<div class=\"elementor-widget-container\">\n\t\t\t\t\t<div class=\"elementor-image\">\n\t\t\t\t\t\t\t\t\t\t<img width=\"1920\" height=\"250\" src=\"https:\/\/aseia.com.co\/sitioviejo\/wp-content\/uploads\/2022\/03\/BANNER-WEB.jpeg\" class=\"attachment-full size-full\" alt=\"\" loading=\"lazy\" srcset=\"https:\/\/aseia.com.co\/sitioviejo\/wp-content\/uploads\/2022\/03\/BANNER-WEB.jpeg 1920w, https:\/\/aseia.com.co\/sitioviejo\/wp-content\/uploads\/2022\/03\/BANNER-WEB-300x39.jpeg 300w, https:\/\/aseia.com.co\/sitioviejo\/wp-content\/uploads\/2022\/03\/BANNER-WEB-1024x133.jpeg 1024w, https:\/\/aseia.com.co\/sitioviejo\/wp-content\/uploads\/2022\/03\/BANNER-WEB-768x100.jpeg 768w, https:\/\/aseia.com.co\/sitioviejo\/wp-content\/uploads\/2022\/03\/BANNER-WEB-1536x200.jpeg 1536w, https:\/\/aseia.com.co\/sitioviejo\/wp-content\/uploads\/2022\/03\/BANNER-WEB-600x78.jpeg 600w\" sizes=\"(max-width: 1920px) 100vw, 1920px\" \/>\t\t\t\t\t\t\t\t\t\t\t<\/div>\n\t\t\t\t<\/div>\n\t\t\t\t<\/div>\n\t\t\t\t<div class=\"elementor-element elementor-element-122ad3f elementor-widget elementor-widget-spacer\" data-id=\"122ad3f\" data-element_type=\"widget\" data-widget_type=\"spacer.default\">\n\t\t\t\t<div class=\"elementor-widget-container\">\n\t\t\t\t\t<div class=\"elementor-spacer\">\n\t\t\t<div class=\"elementor-spacer-inner\"><\/div>\n\t\t<\/div>\n\t\t\t\t<\/div>\n\t\t\t\t<\/div>\n\t\t\t\t\t\t<\/div>\n\t\t\t\t\t<\/div>\n\t\t<\/div>\n\t\t\t\t\t\t\t\t<\/div>\n\t\t\t\t\t<\/div>\n\t\t<\/section>\n\t\t\t\t\t\t<\/div>\n\t\t\t\t\t\t<\/div>\n\t\t\t\t\t<\/div>\n\t\t","protected":false},"excerpt":{"rendered":"<p>\u00bfQuieres aprender Programaci\u00f3n Neuroling\u00fc\u00edstica? Hoy queremos ense\u00f1arte a reprogramar tus h\u00e1bitos comunicacionales a trav\u00e9s de la conexi\u00f3n con esta importante parte de tu corteza cerebral, llamada\u00a0inconsciente\u00a0gracias a efectivas herramientas de\u00a0PNL. En este curso introductorio vas a encontrar\u00a0m\u00f3dulos de PNL que est\u00e1n dise\u00f1ados para brindarte excelentes herramientas b\u00e1sicas de la programacion neurolinguistica; permiti\u00e9ndote utilizarla en tu [&hellip;]<\/p>\n","protected":false},"author":1,"featured_media":0,"parent":0,"menu_order":0,"comment_status":"closed","ping_status":"closed","template":"","meta":[],"yoast_head":"<!-- This site is optimized with the Yoast SEO plugin v16.3 - https:\/\/yoast.com\/wordpress\/plugins\/seo\/ -->\n<title>Inconsciente Luminoso: La clave #1 de PNL - ASEIA By Liliana Zambrano<\/title>\n<meta name=\"description\" content=\"Con este curso introductorio de PNL aprender\u00e1s excelentes herramientas b\u00e1sicas para una mejor comunicaci\u00f3n para una mejor comunicaci\u00f3n con...\" \/>\n<meta name=\"robots\" content=\"noindex, follow, max-snippet:-1, max-image-preview:large, max-video-preview:-1\" \/>\n<meta property=\"og:locale\" content=\"es_ES\" \/>\n<meta property=\"og:type\" content=\"article\" \/>\n<meta property=\"og:title\" content=\"Inconsciente Luminoso: La clave #1 de PNL - ASEIA By Liliana Zambrano\" \/>\n<meta property=\"og:description\" content=\"Con este curso introductorio de PNL aprender\u00e1s excelentes herramientas b\u00e1sicas para una mejor comunicaci\u00f3n para una mejor comunicaci\u00f3n con...\" \/>\n<meta property=\"og:url\" content=\"https:\/\/aseia.com.co\/sitioviejo\/inconsciente-luminoso-pnl\/\" \/>\n<meta property=\"og:site_name\" content=\"ASEIA By Liliana Zambrano\" \/>\n<meta property=\"article:publisher\" content=\"https:\/\/www.facebook.com\/AseiaPNL\" \/>\n<meta property=\"article:modified_time\" content=\"2022-10-25T18:17:50+00:00\" \/>\n<meta property=\"og:image\" content=\"https:\/\/www.aseia.com.co\/sitioviejo\/wp-content\/uploads\/2021\/08\/pnl-.jpeg\" \/>\n<meta name=\"twitter:card\" content=\"summary_large_image\" \/>\n<meta name=\"twitter:site\" content=\"@pnlaseia\" \/>\n<meta name=\"twitter:label1\" content=\"Est. reading time\">\n\t<meta name=\"twitter:data1\" content=\"2 minutos\">\n<script type=\"application\/ld+json\" class=\"yoast-schema-graph\">{\"@context\":\"https:\/\/schema.org\",\"@graph\":[{\"@type\":\"Organization\",\"@id\":\"https:\/\/aseia.com.co\/sitioviejo\/#organization\",\"name\":\"ASEIA\",\"url\":\"https:\/\/aseia.com.co\/sitioviejo\/\",\"sameAs\":[\"https:\/\/www.facebook.com\/AseiaPNL\",\"https:\/\/www.instagram.com\/pnlaseia\/\",\"https:\/\/www.linkedin.com\/in\/aseia-pnl-509923139\/\",\"https:\/\/www.youtube.com\/channel\/UC14xBZqaUo2vHTPO3Z1tRLA\",\"https:\/\/twitter.com\/pnlaseia\"],\"logo\":{\"@type\":\"ImageObject\",\"@id\":\"https:\/\/aseia.com.co\/sitioviejo\/#logo\",\"inLanguage\":\"es-CO\",\"url\":\"https:\/\/www.aseia.com.co\/sitioviejo\/wp-content\/uploads\/2020\/06\/LogoAseia1.png\",\"contentUrl\":\"https:\/\/www.aseia.com.co\/sitioviejo\/wp-content\/uploads\/2020\/06\/LogoAseia1.png\",\"width\":500,\"height\":128,\"caption\":\"ASEIA\"},\"image\":{\"@id\":\"https:\/\/aseia.com.co\/sitioviejo\/#logo\"}},{\"@type\":\"WebSite\",\"@id\":\"https:\/\/aseia.com.co\/sitioviejo\/#website\",\"url\":\"https:\/\/aseia.com.co\/sitioviejo\/\",\"name\":\"ASEIA\",\"description\":\"Transforma tu vida\",\"publisher\":{\"@id\":\"https:\/\/aseia.com.co\/sitioviejo\/#organization\"},\"potentialAction\":[{\"@type\":\"SearchAction\",\"target\":\"https:\/\/aseia.com.co\/sitioviejo\/?s={search_term_string}\",\"query-input\":\"required name=search_term_string\"}],\"inLanguage\":\"es-CO\"},{\"@type\":\"ImageObject\",\"@id\":\"https:\/\/aseia.com.co\/sitioviejo\/inconsciente-luminoso-pnl\/#primaryimage\",\"inLanguage\":\"es-CO\",\"url\":\"https:\/\/www.aseia.com.co\/sitioviejo\/wp-content\/uploads\/2021\/08\/pnl-.jpeg\",\"contentUrl\":\"https:\/\/www.aseia.com.co\/sitioviejo\/wp-content\/uploads\/2021\/08\/pnl-.jpeg\"},{\"@type\":\"WebPage\",\"@id\":\"https:\/\/aseia.com.co\/sitioviejo\/inconsciente-luminoso-pnl\/#webpage\",\"url\":\"https:\/\/aseia.com.co\/sitioviejo\/inconsciente-luminoso-pnl\/\",\"name\":\"Inconsciente Luminoso: La clave #1 de PNL - ASEIA By Liliana Zambrano\",\"isPartOf\":{\"@id\":\"https:\/\/aseia.com.co\/sitioviejo\/#website\"},\"primaryImageOfPage\":{\"@id\":\"https:\/\/aseia.com.co\/sitioviejo\/inconsciente-luminoso-pnl\/#primaryimage\"},\"datePublished\":\"2020-09-08T18:47:41+00:00\",\"dateModified\":\"2022-10-25T18:17:50+00:00\",\"description\":\"Con este curso introductorio de PNL aprender\\u00e1s excelentes herramientas b\\u00e1sicas para una mejor comunicaci\\u00f3n para una mejor comunicaci\\u00f3n con...\",\"breadcrumb\":{\"@id\":\"https:\/\/aseia.com.co\/sitioviejo\/inconsciente-luminoso-pnl\/#breadcrumb\"},\"inLanguage\":\"es-CO\",\"potentialAction\":[{\"@type\":\"ReadAction\",\"target\":[\"https:\/\/aseia.com.co\/sitioviejo\/inconsciente-luminoso-pnl\/\"]}]},{\"@type\":\"BreadcrumbList\",\"@id\":\"https:\/\/aseia.com.co\/sitioviejo\/inconsciente-luminoso-pnl\/#breadcrumb\",\"itemListElement\":[{\"@type\":\"ListItem\",\"position\":1,\"item\":{\"@type\":\"WebPage\",\"@id\":\"https:\/\/aseia.com.co\/sitioviejo\/\",\"url\":\"https:\/\/aseia.com.co\/sitioviejo\/\",\"name\":\"Home\"}},{\"@type\":\"ListItem\",\"position\":2,\"item\":{\"@id\":\"https:\/\/aseia.com.co\/sitioviejo\/inconsciente-luminoso-pnl\/#webpage\"}}]}]}<\/script>\n<!-- \/ Yoast SEO plugin. -->","_links":{"self":[{"href":"https:\/\/aseia.com.co\/sitioviejo\/wp-json\/wp\/v2\/pages\/1709"}],"collection":[{"href":"https:\/\/aseia.com.co\/sitioviejo\/wp-json\/wp\/v2\/pages"}],"about":[{"href":"https:\/\/aseia.com.co\/sitioviejo\/wp-json\/wp\/v2\/types\/page"}],"author":[{"embeddable":true,"href":"https:\/\/aseia.com.co\/sitioviejo\/wp-json\/wp\/v2\/users\/1"}],"replies":[{"embeddable":true,"href":"https:\/\/aseia.com.co\/sitioviejo\/wp-json\/wp\/v2\/comments?post=1709"}],"version-history":[{"count":18,"href":"https:\/\/aseia.com.co\/sitioviejo\/wp-json\/wp\/v2\/pages\/1709\/revisions"}],"predecessor-version":[{"id":9276,"href":"https:\/\/aseia.com.co\/sitioviejo\/wp-json\/wp\/v2\/pages\/1709\/revisions\/9276"}],"wp:attachment":[{"href":"https:\/\/aseia.com.co\/sitioviejo\/wp-json\/wp\/v2\/media?parent=1709"}],"curies":[{"name":"wp","href":"https:\/\/api.w.org\/{rel}","templated":true}]}}