{"id":1401,"date":"2020-08-25T16:51:52","date_gmt":"2020-08-25T21:51:52","guid":{"rendered":"https:\/\/www.aseia.com.co\/sitioviejo\/?page_id=1401"},"modified":"2020-08-25T16:51:52","modified_gmt":"2020-08-25T21:51:52","slug":"politica-de-venta","status":"publish","type":"page","link":"https:\/\/aseia.com.co\/sitioviejo\/politica-de-venta\/","title":{"rendered":"Pol\u00edtica de venta"},"content":{"rendered":"<p>&nbsp;<\/p>\n<h2>CL\u00c1USULA I DEFINICIONES<\/h2>\n<p>&nbsp;<\/p>\n<h2>1.01.Interpretaci\u00f3n.<\/h2>\n<p>Para los fines de este Contrato y a menos que expresamente se estipule de otra manera, las palabras que inicien con may\u00fascula tendr\u00e1n el significado asignado a dichos t\u00e9rminos en la Secci\u00f3n 1.02 siguiente, ya sea que se expresen de manera singular o plural, o en femenino o masculino. Los t\u00edtulos de las cl\u00e1usulas y de las secciones de este Contrato se incluyen con fines de referencia y de simple conveniencia, pero de ninguna manera limitan, definen o describen el alcance y la intenci\u00f3n del contenido de cada una de las respectivas cl\u00e1usulas o secciones. Las palabras t\u00e9cnicas o cient\u00edficas que no se encuentren definidas expresamente en este Contrato tendr\u00e1n los significados que les correspondan seg\u00fan la t\u00e9cnica o ciencia respectiva y las dem\u00e1s palabras se entender\u00e1n en su sentido natural y obvio, seg\u00fan el uso general de las mismas.<\/p>\n<p>&nbsp;<\/p>\n<h2>1.02. <a name=\"_Toc26307196\"><\/a><a name=\"_Toc513125115\"><\/a>Definiciones.<\/h2>\n<p>Conforme se usan en este Contrato, los siguientes t\u00e9rminos tendr\u00e1n el significado asignado a continuaci\u00f3n:<\/p>\n<p>\u201c<u>ASEIA<\/u>\u201d tiene el significado asignado en el pre\u00e1mbulo de este Contrato.<\/p>\n<p>\u201c<u>Autorizaci\u00f3n del Tratamiento de Datos Personales<\/u>\u201d es la autorizaci\u00f3n previa, expresa, voluntaria e inequ\u00edvoca que debe otorgar la persona titular de los datos personales a ASEIA, para que \u00e9sta pueda recolectar, utilizar, almacenar, circular, o suprimir los datos por el suministrados.<\/p>\n<p>\u201c<u>Cliente<\/u>\u201d es la persona natural o jur\u00eddica que adquiera el o los Cursos realizados por ASEIA a t\u00edtulo de compraventa.<\/p>\n<p>\u201c<u>Contrato<\/u>\u201d tiene el significado asignado en el pre\u00e1mbulo de este Contrato.<\/p>\n<p>\u201c<u>Curso<\/u>\u201d ser\u00e1n el o los siguientes cursos; [\u25cf], adquiridos por el Cliente de ASEIA a t\u00edtulo de compraventa.<\/p>\n<p>\u201c<u>D\u00eda H\u00e1bil<\/u>\u201d es cualquier d\u00eda que no sea s\u00e1bado, domingo o feriado legal en la Rep\u00fablica de Colombia.<\/p>\n<p>\u201c<u>Fecha de Suscripci\u00f3n<\/u>\u201d tiene el significado asignado en el encabezado de este Contrato.<\/p>\n<p>\u201c<u>Informaci\u00f3n Confidencial<\/u>\u201d tiene el significado asignado en la <a href=\"#_Compromiso_de_Confidencialidad.\">Secci\u00f3n 5.01<\/a> del presente Contrato.<\/p>\n<p>\u201c<u>Parte<\/u>\u201d tiene el significado asignado en el pre\u00e1mbulo de este Contrato.<\/p>\n<p>\u201c<u>Partes<\/u>\u201d tiene el significado asignado en el pre\u00e1mbulo de este Contrato.<\/p>\n<p>\u201c<u>Persona<\/u>\u201d significa, seg\u00fan el contexto, cualquier individuo, sociedad, asociaci\u00f3n, <em>joint venture<\/em>, uni\u00f3n temporal, patrimonio aut\u00f3nomo, fideicomiso, autoridad gubernamental o cualquier otra entidad de cualquier naturaleza.<\/p>\n<p>\u201c<u>Precio<\/u>\u201d tiene el significado asignado en la Secci\u00f3n 2.02 de este Contrato.<\/p>\n<p>\u201c<u>Tomador<\/u>\u201d significa aquella persona natural designada por el Cliente, como tomadora y asistente del Curso prestado por ASEIA, que para los efectos del presente Contrato podr\u00e1 ser el mismo Cliente o un tercero.<\/p>\n<p>&nbsp;<\/p>\n<h2>CL\u00c1USULA II <u>COMPRAVENTA<\/u><\/h2>\n<p>&nbsp;<\/p>\n<h2>2.01.Objeto de la Compraventa.<\/h2>\n<h3>\u00a0Con sujeci\u00f3n a los t\u00e9rminos y condiciones contemplados en este Contrato, el Cliente adquiere de ASEIA, a t\u00edtulo de compraventa, el o los Cursos descritos a continuaci\u00f3n:<\/h3>\n<h3><\/h3>\n<h3>2.02.Precio de la Compraventa.<\/h3>\n<p>Las Partes acuerdan que el precio que el Cliente pagar\u00e1 a ASEIA como contraprestaci\u00f3n por el o los Cursos se\u00f1alados en la Secci\u00f3n 2.01 anterior, ser\u00e1 por un valor total de [\u25cf] (en adelante, el \u201c<strong><u>Precio<\/u><\/strong>\u201d).<\/p>\n<p>El Precio ser\u00e1 pagado a ASEIA de la siguiente forma:<\/p>\n<p>&nbsp;<\/p>\n<h2>CL\u00c1USULA III\u00a0<u>OBLIGACIONES DE LAS PARTES<\/u><\/h2>\n<p><u>\u00a0<\/u><\/p>\n<h3>3.01. Obligaciones de ASEIA<\/h3>\n<p>Sin perjuicio de las dem\u00e1s obligaciones se\u00f1aladas en este Contrato o en la ley, ASEIA se obliga a lo siguiente:<\/p>\n<p>&nbsp;<\/p>\n<h3>\u00a0i.\u00a0\u00a0\u00a0\u00a0\u00a0\u00a0\u00a0\u00a0 Realizar el Curso en favor del Tomador designado por el Cliente.<\/h3>\n<h3>\u00a0ii.\u00a0\u00a0\u00a0\u00a0\u00a0\u00a0\u00a0\u00a0 En aquellos eventos en que ASEIA cancele por pol\u00edticas de seguridad, por pol\u00edticas de empresa, o de forma unilateral el Curso adquirido por el Cliente y \u00e9ste \u00faltimo haya pagado total o parcialmente el Precio, ASEIA se obliga a reembolsarle al Cliente lo que hasta el momento haya pagado, dentro de los quince (15) D\u00edas H\u00e1biles siguientes a la fecha en que se haya notificado la cancelaci\u00f3n del Curso<\/h3>\n<h3>\u00a0iii.\u00a0\u00a0\u00a0\u00a0\u00a0\u00a0\u00a0\u00a0 En los eventos en que ASEIA modifique la fecha en que iba a realizar el Curso, y el Cliente no pueda asistir al Curso o Cursos en esta nueva fecha, ASEIA se obliga a devolverle al Cliente el ochenta por ciento (80%) de lo que hasta el momento haya pagado.<\/h3>\n<h2>3.02.Obligaciones del Cliente.<\/h2>\n<p>Sin perjuicio de las dem\u00e1s obligaciones se\u00f1aladas en este Contrato o en la ley, el Cliente se obliga a lo siguiente:\u00a0 <a name=\"_Toc377376423\"><\/a><a name=\"_Toc377376476\"><\/a><a name=\"_Toc377376529\"><\/a><a name=\"_Toc377376678\"><\/a><\/p>\n<p>&nbsp;<\/p>\n<h3>i.\u00a0\u00a0\u00a0\u00a0\u00a0\u00a0\u00a0\u00a0 Pagar la totalidad del Precio a ASEIA de conformidad con lo pactado en la Secci\u00f3n <a href=\"#_Precio_de_la\">2.02<\/a> de este Contrato.<\/h3>\n<h3>ii.\u00a0\u00a0\u00a0\u00a0\u00a0\u00a0\u00a0\u00a0 Informar a ASEIA, previo al inicio del Curso, qui\u00e9n ser\u00e1 el Tomador de \u00e9ste, para lo cual se deber\u00e1 aportar copia de la identificaci\u00f3n de \u00e9ste.<\/h3>\n<h3>iii. En los eventos en que el Tomador no pueda asistir al Curso, el Cliente deber\u00e1 notificar sobre dicha inasistencia a ASEIA a la direcci\u00f3n de correo electr\u00f3nico establecida en la Secci\u00f3n 6.01 del presente Contrato, con antelaci\u00f3n m\u00ednima de siete (7) D\u00edas H\u00e1biles a la fecha de inicio del Curso. En este caso ASEIA tendr\u00e1 derecho a retener el veinte por ciento (20%) del valor pagado del Curso, a t\u00edtulo de sanci\u00f3n. Si el Cliente no anuncia su inasistencia al Curso con una antelaci\u00f3n m\u00ednima de siete (7) D\u00edas H\u00e1biles a la fecha de inicio del Curso, deber\u00e1 pagar a ASEIA el valor total del Precio de conformidad con lo pactado en la Secci\u00f3n 2.02 de este Contrato.<\/h3>\n<p>&nbsp;<\/p>\n<ol>\n<li>A no divulgar, comunicar, filmar, grabar, reproducir, o utilizar cualquier informaci\u00f3n que reciba, adquiera o conozca en desarrollo del Curso dictado por ASEIA, salvo que, en cumplimiento de una obligaci\u00f3n legal, el Cliente deba revelar la informaci\u00f3n mencionada anteriormente, para lo cual deber\u00e1n seguirse los siguientes par\u00e1metros: (i) notificar inmediatamente a ASEIA de cualquier orden judicial o administrativa en relaci\u00f3n con la informaci\u00f3n, y (ii) cooperar con ASEIA para que se disminuya por todos los medios legales posibles, el alcance y volumen de la informaci\u00f3n que deba ser revelada.<\/li>\n<li>El Cliente se obliga a no actuar, y a causar que el Tomador no act\u00fae, ante terceros como instructor, profesor, y\/o docente con base al temario y\/o informaci\u00f3n vista en el Curso, ni con base en el certificado de asistencia al mismo emitido por ASEIA. Lo anterior sin perjuicio de la obligaci\u00f3n de confidencialidad a la que el Cliente est\u00e1 obligado de conformidad con lo se\u00f1alado en la CL\u00c1USULA V de este Contrato.<\/li>\n<\/ol>\n<p>&nbsp;<\/p>\n<h3><\/h3>\n<h2>CL\u00c1USULA IV <u>DECLARACIONES DE LAS PARTES <\/u><\/h2>\n<p>&nbsp;<\/p>\n<h2><a name=\"_Toc26307204\"><\/a><a name=\"_Toc513125122\"><\/a>4.01.Declaraciones de las Partes. A la Fecha de Suscripci\u00f3n, las Partes declaran y reconocen lo siguiente:<\/h2>\n<p>&nbsp;<\/p>\n<ol>\n<li>El Curso prestado por ASEIA no constituye una formaci\u00f3n como instructor, profesor, y\/o docente de la materia tratada en el Curso para el Tomador del mismo, ni para el Cliente.<\/li>\n<li>El o los certificados emitidos por ASEIA al Tomador del Curso y\/o al Cliente estar\u00e1n \u00fanica y exclusivamente relacionados con la asistencia del Tomador y\/o el Cliente al Curso y con el cumplimiento total de \u00e9ste.<\/li>\n<\/ol>\n<ul>\n<li>El o los certificados emitidos por ASEIA al Tomador del Curso y\/o al Cliente no significar\u00e1n ni se entender\u00e1n como un diploma o certificado que otorgue facultad al Tomador y\/o al Cliente de dictar clases o cursos en la materia vistos en el Curso.<\/li>\n<\/ul>\n<p>&nbsp;<\/p>\n<h2>CL\u00c1USULA V\u00a0<u>CONFIDENCIALIDAD<\/u><\/h2>\n<p>&nbsp;<\/p>\n<h2>5.01. Compromiso de Confidencialidad.<\/h2>\n<p>&nbsp;<\/p>\n<ol>\n<li>Toda informaci\u00f3n entregada o puesta a disposici\u00f3n (independientemente de la forma en que se haga) por una de las Partes a la otra Parte, incluso cuando se haya hecho con anterioridad a la firma del presente Contrato (en adelante, la \u201c<strong><u>Informaci\u00f3n Confidencial<\/u><\/strong>\u201d), deber\u00e1 ser guardada en estricta confidencialidad y no podr\u00e1 ser utilizada para fines distintos de los siguientes: (i) identificar a las Partes dentro del marco del presente Contrato, (ii) para el desarrollo efectivo de el o los Cursos realizados por ASEIA, y (iii) para tomar todas las medidas de seguridad necesarias respecto de los Tomadores de el o los Cursos efectuados por ASEIA, ni revelada a ninguna persona, compa\u00f1\u00eda, instructor, m\u00e9dico tratante, o empleado, salvo que necesiten conocer de la Informaci\u00f3n Confidencial, para lo cual, la Parte receptora de la Informaci\u00f3n Confidencial deber\u00e1 propender que estas personas mantengan la Informaci\u00f3n Confidencial reservada con un est\u00e1ndar por lo menos igual al previsto en \u00e9sta Cl\u00e1usula.<\/li>\n<\/ol>\n<p>&nbsp;<\/p>\n<h2>5.02.Excepci\u00f3n a la Confidencialidad.<\/h2>\n<p>&nbsp;<\/p>\n<ol>\n<li>De manera excepcional, se permitir\u00e1 que, en la medida en que sea necesario de conformidad a la ley vigente, se revele la Informaci\u00f3n Confidencial por cualquiera de las Partes, para lo cual la Parte que la revela deber\u00e1 (i) notificar previa y oportunamente a la otra Parte cualquier requerimiento o demanda relacionada con dicha Informaci\u00f3n Confidencial; (ii) tomar las medidas necesarias para que la Informaci\u00f3n Confidencial se propague lo menos posible; y (iii) cooperar con la otra Parte en la medida en que \u00e9sta as\u00ed lo requiera.<\/li>\n<\/ol>\n<p>&nbsp;<\/p>\n<h2>5.03. Exclusiones a la Confidencialidad.<\/h2>\n<p>&nbsp;<\/p>\n<ol>\n<li>Las obligaciones de confidencialidad creadas por este Contrato no ser\u00e1n aplicables a cualquier Informaci\u00f3n Confidencial que (i) al momento de la revelaci\u00f3n se encuentre a disposici\u00f3n del p\u00fablico o conocida por \u00e9ste, (ii) se encontrara disponible de manera no confidencial de una fuente que no ten\u00eda prohibici\u00f3n legal, o contractual, y\/o (iii) ya la tuviese la Parte, siempre que sobre dicha informaci\u00f3n no recayese otra obligaci\u00f3n de confidencialidad.<\/li>\n<\/ol>\n<p>&nbsp;<\/p>\n<h2>5.04. Duraci\u00f3n de la Confidencialidad.<\/h2>\n<p>&nbsp;<\/p>\n<ol>\n<li>Las obligaciones de confidencialidad previstas en este Contrato para la Informaci\u00f3n Confidencial estar\u00e1n vigentes indefinidamente desde el momento de celebraci\u00f3n de \u00e9ste Contrato.<\/li>\n<\/ol>\n<p>&nbsp;<\/p>\n<p>&nbsp;<\/p>\n<h2>CL\u00c1USULA VI <u>TERMINACI\u00d3N DEL CONTRATO<\/u><\/h2>\n<p>&nbsp;<\/p>\n<h2>6.01. Terminaci\u00f3n.<\/h2>\n<p>El presente Contrato podr\u00e1 ser terminado, y como consecuencia de ello, las transacciones, compromisos y acuerdos dejar\u00e1n de tener efecto en los siguientes eventos:<\/p>\n<h3>i. Por el mutuo acuerdo de las Partes;<\/h3>\n<h3>ii. Por cualquiera de las Partes en el evento en que cualquier autoridad competente hubiere expedido una orden, norma, decreto, resoluci\u00f3n o decisi\u00f3n que proh\u00edba, restrinja o limite el cumplimiento de sus obligaciones contempladas en este Contrato, siempre que dicha circunstancia sea inapelable y definitiva y a condici\u00f3n de que la Parte que invocare la terminaci\u00f3n de este Contrato no hubiere incumplido sus obligaciones y compromisos bajo este Contrato o hubiere dado lugar a la expedici\u00f3n de dicha medida;<\/h3>\n<p>&nbsp;<\/p>\n<p>En el evento previsto en la Secci\u00f3n 6.01(ii), las Partes deber\u00e1n remitirse en forma inmediata las respectivas notificaciones de terminaci\u00f3n.<\/p>\n<p>&nbsp;<\/p>\n<h2>6.02.Efectos de la terminaci\u00f3n.<\/h2>\n<p>Si el presente Contrato termina por cualquiera de las circunstancias indicadas en la Secci\u00f3n <a href=\"#_Terminaci\u00f3n.\">6.01<\/a> se entender\u00e1 que las Partes quedan completamente liberadas de todos los compromisos asumidos, con excepci\u00f3n de lo estipulado en la <a href=\"#_COMPROMISOS_DE_LAS\">Cl\u00e1usula IV<\/a>, que en todo caso sobrevivir\u00e1 a la terminaci\u00f3n del Contrato.<\/p>\n<p>Lo previsto en esta Secci\u00f3n 6.02 se entiende sin perjuicio de la responsabilidad que surja por el incumplimiento de cualquiera de las Partes de sus obligaciones bajo este Contrato, y sin perjuicio de lo establecido en el art\u00edculo 870 del C\u00f3digo de Comercio.<\/p>\n<p>&nbsp;<\/p>\n<p>&nbsp;<\/p>\n<h2>CL\u00c1USULA VII DISPOSICIONES VARIAS<\/h2>\n<p>&nbsp;<\/p>\n<h2>7.01.Notificaciones y Comunicaciones.<\/h2>\n<p>Todas las notificaciones, comunicaciones y solicitudes bajo este Contrato deben producirse por escrito y deber\u00e1n dirigirse a las direcciones indicadas por cada Parte.<\/p>\n<p>&nbsp;<\/p>\n<p>Se notificar\u00e1 a ASEIA a la siguiente direcci\u00f3n de correo electr\u00f3nico:<\/p>\n<p>Se notificar\u00e1 al Cliente a la siguiente direcci\u00f3n de correo electr\u00f3nico:<\/p>\n<p>Cualquier notificaci\u00f3n, petici\u00f3n u otra comunicaci\u00f3n se tendr\u00e1 por recibida en la fecha en que el destinatario la reciba, siempre que la reciba antes de las 5 p.m. y dicho d\u00eda sea un D\u00eda H\u00e1bil; en cualquier otro caso, no se tendr\u00e1 por recibida hasta el siguiente d\u00eda que sea un D\u00eda H\u00e1bil.<\/p>\n<p>&nbsp;<\/p>\n<h2>7.02.Modificaciones y Dispensas.<\/h2>\n<h3>\u00a0i. Cualquiera de las estipulaciones contempladas en este Contrato podr\u00e1 ser modificada por acuerdo entre las Partes, el cual deber\u00e1 constar en documento suscrito por ellas o sus representantes debidamente autorizados.<\/h3>\n<h3>ii. Cualquiera de las Partes podr\u00e1 dispensar las obligaciones o compromisos a cargo de la otra, siempre que dicha dispensa conste de manera expresa por escrito.<\/h3>\n<h3>\u00a0iii.\u00a0 Las demoras u omisiones de las Partes en el ejercicio de cualesquiera derechos contemplados en su favor no se considerar\u00e1n ni se interpretar\u00e1n como renuncias o dispensas en el ejercicio que el Contrato y las leyes aplicables le confieren.<\/h3>\n<h2>7.03.Ley Aplicable.<\/h2>\n<p>El presente Contrato estar\u00e1 sujeto y deber\u00e1 interpretarse de conformidad con las leyes vigentes en la Rep\u00fablica de Colombia.<\/p>\n<h2>7.04. Autorizaci\u00f3n de Tratamiento de Datos Personales. La Autorizaci\u00f3n de Tratamiento de Datos Personales de ASEIA deber\u00e1 ser diligenciada por la persona titular de los datos personales que ser\u00e1n sometidos a tratamiento por parte de ASEIA.<\/h2>\n<p>&nbsp;<\/p>\n<p>Para dar inicio al Curso o los Cursos realizados por ASEIA se deber\u00e1 diligenciar en su totalidad la Autorizaci\u00f3n de Tratamiento de Datos Personales por parte del titular de estos.<\/p>\n<p>&nbsp;<\/p>\n<h2><a name=\"_Toc26307215\"><\/a>7.05.Exoneraci\u00f3n de Responsabilidad. El Cliente renuncia expresamente a cualquier acci\u00f3n contra ASEIA que tenga por objeto pretensiones de car\u00e1cter indemnizatorio, y exonera de toda responsabilidad a ASEIA y a sus directivos, empleados, m\u00e9dicos tratantes, terapeutas, e instructores de cualquier caso fortuito, fuerza mayor, culpa exclusiva de un tercero, culpa exclusiva de v\u00edctima, evento, inconveniente, da\u00f1o, o perjuicio que pueda surgir en desarrollo o con posterioridad a la prestaci\u00f3n del Curso o de este Contrato, salvo aquellos da\u00f1os o perjuicios debidamente comprobados que se causen como consecuencia del dolo futuro o de la culpa grave de ASEIA.<\/h2>\n<h2><\/h2>\n<h2><a name=\"_Toc26307216\"><\/a><a name=\"_Toc513125133\"><\/a>7.06.Ejemplares.<\/h2>\n<h2>7.07. El presente Contrato constar\u00e1 en dos (2) ejemplares originales del mismo valor.<\/h2>\n<p>&nbsp;<\/p>\n<h2><a name=\"_Toc26307217\"><\/a>7.07. Acuerdo Integral.<\/h2>\n<p>El presente Contrato (conjuntamente con todos sus anexos) constituye el acuerdo integral entre las Partes con respecto al objeto, obligaciones y compromisos aqu\u00ed contemplados, y por tanto reemplaza y deja sin efecto legal alguno cualquier acuerdo, contrato o entendimiento previo, escrito o verbal, que las Partes hubieran tenido sobre este particular.<\/p>\n<h2>7.08.Nulidad Parcial.<\/h2>\n<p>Si cualquier disposici\u00f3n de este Contrato fuese prohibida, resultare nula, ineficaz o no pudiere hacerse exigible de conformidad con las leyes aplicables, las dem\u00e1s estipulaciones del Contrato le sobrevivir\u00e1n con sus plenos efectos vinculantes y obligatorios para las Partes, a menos que la disposici\u00f3n prohibida, nula, ineficaz o inexigible fuese esencial al Contrato de manera que la interpretaci\u00f3n o cumplimiento del mismo en ausencia de tal disposici\u00f3n no fuese posible.<\/p>\n<p>&nbsp;<\/p>\n<p>&nbsp;<\/p>\n<p>&nbsp;<\/p>\n<p>&nbsp;<\/p>\n<p>&nbsp;<\/p>\n","protected":false},"excerpt":{"rendered":"<p>&nbsp; CL\u00c1USULA I DEFINICIONES &nbsp; 1.01.Interpretaci\u00f3n. Para los fines de este Contrato y a menos que expresamente se estipule de otra manera, las palabras que inicien con may\u00fascula tendr\u00e1n el significado asignado a dichos t\u00e9rminos en la Secci\u00f3n 1.02 siguiente, ya sea que se expresen de manera singular o plural, o en femenino o masculino. [&hellip;]<\/p>\n","protected":false},"author":1,"featured_media":0,"parent":0,"menu_order":0,"comment_status":"closed","ping_status":"closed","template":"","meta":[],"yoast_head":"<!-- This site is optimized with the Yoast SEO plugin v16.3 - https:\/\/yoast.com\/wordpress\/plugins\/seo\/ -->\n<title>Pol\u00edtica de venta - ASEIA By Liliana Zambrano<\/title>\n<meta name=\"robots\" content=\"noindex, follow, max-snippet:-1, max-image-preview:large, max-video-preview:-1\" \/>\n<meta property=\"og:locale\" content=\"es_ES\" \/>\n<meta property=\"og:type\" content=\"article\" \/>\n<meta property=\"og:title\" content=\"Pol\u00edtica de venta - ASEIA By Liliana Zambrano\" \/>\n<meta property=\"og:description\" content=\"&nbsp; CL\u00c1USULA I DEFINICIONES &nbsp; 1.01.Interpretaci\u00f3n. Para los fines de este Contrato y a menos que expresamente se estipule de otra manera, las palabras que inicien con may\u00fascula tendr\u00e1n el significado asignado a dichos t\u00e9rminos en la Secci\u00f3n 1.02 siguiente, ya sea que se expresen de manera singular o plural, o en femenino o masculino. [&hellip;]\" \/>\n<meta property=\"og:url\" content=\"https:\/\/aseia.com.co\/sitioviejo\/politica-de-venta\/\" \/>\n<meta property=\"og:site_name\" content=\"ASEIA By Liliana Zambrano\" \/>\n<meta property=\"article:publisher\" content=\"https:\/\/www.facebook.com\/AseiaPNL\" \/>\n<meta name=\"twitter:card\" content=\"summary_large_image\" \/>\n<meta name=\"twitter:site\" content=\"@pnlaseia\" \/>\n<meta name=\"twitter:label1\" content=\"Est. reading time\">\n\t<meta name=\"twitter:data1\" content=\"12 minutos\">\n<script type=\"application\/ld+json\" class=\"yoast-schema-graph\">{\"@context\":\"https:\/\/schema.org\",\"@graph\":[{\"@type\":\"Organization\",\"@id\":\"https:\/\/aseia.com.co\/sitioviejo\/#organization\",\"name\":\"ASEIA\",\"url\":\"https:\/\/aseia.com.co\/sitioviejo\/\",\"sameAs\":[\"https:\/\/www.facebook.com\/AseiaPNL\",\"https:\/\/www.instagram.com\/pnlaseia\/\",\"https:\/\/www.linkedin.com\/in\/aseia-pnl-509923139\/\",\"https:\/\/www.youtube.com\/channel\/UC14xBZqaUo2vHTPO3Z1tRLA\",\"https:\/\/twitter.com\/pnlaseia\"],\"logo\":{\"@type\":\"ImageObject\",\"@id\":\"https:\/\/aseia.com.co\/sitioviejo\/#logo\",\"inLanguage\":\"es-CO\",\"url\":\"https:\/\/www.aseia.com.co\/sitioviejo\/wp-content\/uploads\/2020\/06\/LogoAseia1.png\",\"contentUrl\":\"https:\/\/www.aseia.com.co\/sitioviejo\/wp-content\/uploads\/2020\/06\/LogoAseia1.png\",\"width\":500,\"height\":128,\"caption\":\"ASEIA\"},\"image\":{\"@id\":\"https:\/\/aseia.com.co\/sitioviejo\/#logo\"}},{\"@type\":\"WebSite\",\"@id\":\"https:\/\/aseia.com.co\/sitioviejo\/#website\",\"url\":\"https:\/\/aseia.com.co\/sitioviejo\/\",\"name\":\"ASEIA\",\"description\":\"Transforma tu vida\",\"publisher\":{\"@id\":\"https:\/\/aseia.com.co\/sitioviejo\/#organization\"},\"potentialAction\":[{\"@type\":\"SearchAction\",\"target\":\"https:\/\/aseia.com.co\/sitioviejo\/?s={search_term_string}\",\"query-input\":\"required name=search_term_string\"}],\"inLanguage\":\"es-CO\"},{\"@type\":\"WebPage\",\"@id\":\"https:\/\/aseia.com.co\/sitioviejo\/politica-de-venta\/#webpage\",\"url\":\"https:\/\/aseia.com.co\/sitioviejo\/politica-de-venta\/\",\"name\":\"Pol\\u00edtica de venta - ASEIA By Liliana Zambrano\",\"isPartOf\":{\"@id\":\"https:\/\/aseia.com.co\/sitioviejo\/#website\"},\"datePublished\":\"2020-08-25T21:51:52+00:00\",\"dateModified\":\"2020-08-25T21:51:52+00:00\",\"breadcrumb\":{\"@id\":\"https:\/\/aseia.com.co\/sitioviejo\/politica-de-venta\/#breadcrumb\"},\"inLanguage\":\"es-CO\",\"potentialAction\":[{\"@type\":\"ReadAction\",\"target\":[\"https:\/\/aseia.com.co\/sitioviejo\/politica-de-venta\/\"]}]},{\"@type\":\"BreadcrumbList\",\"@id\":\"https:\/\/aseia.com.co\/sitioviejo\/politica-de-venta\/#breadcrumb\",\"itemListElement\":[{\"@type\":\"ListItem\",\"position\":1,\"item\":{\"@type\":\"WebPage\",\"@id\":\"https:\/\/aseia.com.co\/sitioviejo\/\",\"url\":\"https:\/\/aseia.com.co\/sitioviejo\/\",\"name\":\"Home\"}},{\"@type\":\"ListItem\",\"position\":2,\"item\":{\"@id\":\"https:\/\/aseia.com.co\/sitioviejo\/politica-de-venta\/#webpage\"}}]}]}<\/script>\n<!-- \/ Yoast SEO plugin. -->","_links":{"self":[{"href":"https:\/\/aseia.com.co\/sitioviejo\/wp-json\/wp\/v2\/pages\/1401"}],"collection":[{"href":"https:\/\/aseia.com.co\/sitioviejo\/wp-json\/wp\/v2\/pages"}],"about":[{"href":"https:\/\/aseia.com.co\/sitioviejo\/wp-json\/wp\/v2\/types\/page"}],"author":[{"embeddable":true,"href":"https:\/\/aseia.com.co\/sitioviejo\/wp-json\/wp\/v2\/users\/1"}],"replies":[{"embeddable":true,"href":"https:\/\/aseia.com.co\/sitioviejo\/wp-json\/wp\/v2\/comments?post=1401"}],"version-history":[{"count":0,"href":"https:\/\/aseia.com.co\/sitioviejo\/wp-json\/wp\/v2\/pages\/1401\/revisions"}],"wp:attachment":[{"href":"https:\/\/aseia.com.co\/sitioviejo\/wp-json\/wp\/v2\/media?parent=1401"}],"curies":[{"name":"wp","href":"https:\/\/api.w.org\/{rel}","templated":true}]}}