{"id":1247,"date":"2020-08-05T09:18:06","date_gmt":"2020-08-05T14:18:06","guid":{"rendered":"https:\/\/www.aseia.com.co\/sitioviejo\/?page_id=1247"},"modified":"2023-03-27T15:42:37","modified_gmt":"2023-03-27T20:42:37","slug":"liliana-zambrano","status":"publish","type":"page","link":"https:\/\/aseia.com.co\/sitioviejo\/liliana-zambrano\/","title":{"rendered":"Liliana Zambrano"},"content":{"rendered":"\t\t<div data-elementor-type=\"wp-page\" data-elementor-id=\"1247\" class=\"elementor elementor-1247\" data-elementor-settings=\"[]\">\n\t\t\t\t\t\t<div class=\"elementor-inner\">\n\t\t\t\t\t\t\t<div class=\"elementor-section-wrap\">\n\t\t\t\t\t\t\t<section class=\"elementor-section elementor-top-section elementor-element elementor-element-81530b1 elementor-section-boxed elementor-section-height-default elementor-section-height-default\" data-id=\"81530b1\" data-element_type=\"section\">\n\t\t\t\t\t\t<div class=\"elementor-container elementor-column-gap-default\">\n\t\t\t\t\t\t\t<div class=\"elementor-row\">\n\t\t\t\t\t<div class=\"elementor-column elementor-col-50 elementor-top-column elementor-element elementor-element-51c673b\" data-id=\"51c673b\" data-element_type=\"column\">\n\t\t\t<div class=\"elementor-column-wrap elementor-element-populated\">\n\t\t\t\t\t\t\t<div class=\"elementor-widget-wrap\">\n\t\t\t\t\t\t<div class=\"elementor-element elementor-element-4d42d69 elementor-widget elementor-widget-image\" data-id=\"4d42d69\" data-element_type=\"widget\" data-widget_type=\"image.default\">\n\t\t\t\t<div class=\"elementor-widget-container\">\n\t\t\t\t\t<div class=\"elementor-image\">\n\t\t\t\t\t\t\t\t\t\t<img width=\"300\" height=\"300\" src=\"https:\/\/aseia.com.co\/sitioviejo\/wp-content\/uploads\/2020\/10\/LILIANA_ZAMBRANO-2-300x300-1.jpg\" class=\"attachment-large size-large\" alt=\"\" loading=\"lazy\" srcset=\"https:\/\/aseia.com.co\/sitioviejo\/wp-content\/uploads\/2020\/10\/LILIANA_ZAMBRANO-2-300x300-1.jpg 300w, https:\/\/aseia.com.co\/sitioviejo\/wp-content\/uploads\/2020\/10\/LILIANA_ZAMBRANO-2-300x300-1-100x100.jpg 100w, https:\/\/aseia.com.co\/sitioviejo\/wp-content\/uploads\/2020\/10\/LILIANA_ZAMBRANO-2-300x300-1-150x150.jpg 150w\" sizes=\"(max-width: 300px) 100vw, 300px\" \/>\t\t\t\t\t\t\t\t\t\t\t<\/div>\n\t\t\t\t<\/div>\n\t\t\t\t<\/div>\n\t\t\t\t\t\t<\/div>\n\t\t\t\t\t<\/div>\n\t\t<\/div>\n\t\t\t\t<div class=\"elementor-column elementor-col-50 elementor-top-column elementor-element elementor-element-5121030\" data-id=\"5121030\" data-element_type=\"column\">\n\t\t\t<div class=\"elementor-column-wrap elementor-element-populated\">\n\t\t\t\t\t\t\t<div class=\"elementor-widget-wrap\">\n\t\t\t\t\t\t<div class=\"elementor-element elementor-element-277eda7 elementor-widget elementor-widget-text-editor\" data-id=\"277eda7\" data-element_type=\"widget\" data-widget_type=\"text-editor.default\">\n\t\t\t\t<div class=\"elementor-widget-container\">\n\t\t\t\t\t<div class=\"elementor-text-editor elementor-clearfix\"><p>La Dra. Liliana Zambrano es una de las profesionales m\u00e1s capacitadas en Programaci\u00f3n neuroling\u00fc\u00edstica (PNL) a nivel Latinoam\u00e9rica, se ha entrenado con expertos de la talla de John Grinder (cocreador de la PNL), Richard Bandler y Paul Scheel. Ha entrenado a m\u00e1s de 350 mil&nbsp; estudiantes y ha dirigido entrenamientos en coaching y liderazgo en m\u00e1s de 700 empresas, sus avanzadas t\u00e9cnicas en hipnosis cl\u00ednica y sanaci\u00f3n pr\u00e1nica avanzada la han llevado a tener resultados asombrosos en pacientes con padecimientos como: ansiedad, depresi\u00f3n, fobias y dificultades de aprendizaje.<\/p><\/div>\n\t\t\t\t<\/div>\n\t\t\t\t<\/div>\n\t\t\t\t\t\t<\/div>\n\t\t\t\t\t<\/div>\n\t\t<\/div>\n\t\t\t\t\t\t\t\t<\/div>\n\t\t\t\t\t<\/div>\n\t\t<\/section>\n\t\t\t\t<section class=\"elementor-section elementor-top-section elementor-element elementor-element-f8b8159 elementor-section-boxed elementor-section-height-default elementor-section-height-default\" data-id=\"f8b8159\" data-element_type=\"section\">\n\t\t\t\t\t\t<div class=\"elementor-container elementor-column-gap-default\">\n\t\t\t\t\t\t\t<div class=\"elementor-row\">\n\t\t\t\t\t<div class=\"elementor-column elementor-col-100 elementor-top-column elementor-element elementor-element-ee5e41e\" data-id=\"ee5e41e\" data-element_type=\"column\">\n\t\t\t<div class=\"elementor-column-wrap elementor-element-populated\">\n\t\t\t\t\t\t\t<div class=\"elementor-widget-wrap\">\n\t\t\t\t\t\t<div class=\"elementor-element elementor-element-204888a elementor-widget elementor-widget-heading\" data-id=\"204888a\" data-element_type=\"widget\" data-widget_type=\"heading.default\">\n\t\t\t\t<div class=\"elementor-widget-container\">\n\t\t\t<h2 class=\"elementor-heading-title elementor-size-default\">T\u00edtulos profesionales<\/h2>\t\t<\/div>\n\t\t\t\t<\/div>\n\t\t\t\t<div class=\"elementor-element elementor-element-4df0c00 elementor-widget elementor-widget-text-editor\" data-id=\"4df0c00\" data-element_type=\"widget\" data-widget_type=\"text-editor.default\">\n\t\t\t\t<div class=\"elementor-widget-container\">\n\t\t\t\t\t<div class=\"elementor-text-editor elementor-clearfix\"><ul><li>Es Conferencista Internacional en Congresos y Encuentros en el \u00c1rea de la Salud, de la Educaci\u00f3n y en el \u00c1rea Empresarial. Representante de John Grinder en Colombia.<\/li><li>Instructor internacional de PNL avalado por la ITA por Jhon Grinder, Psicoterapeuta, Facilitadora y Coach en Procesos Empresariales con PNL. Presidente Acad\u00e9mica de la Corporaci\u00f3n ASEIA. Certificaci\u00f3n Internacional en Coaching con PNL por John Grinder.<\/li><li>Licensed Master Practitioner of NLP por Richard Bandler.<\/li><li>Master y Practitioner en Programaci\u00f3n Neuroling\u00fc\u00edstica (P.N.L.) avalado por John Grinder co-creador de la PNL. Entrenamiento en Accelements Facilitator Training in using accelerative brain by Paul Scheel. Instructora en Aprendizaje Acelerado Accelements.<\/li><li>Facilitadora en el entrenamiento para el uso acelerado del Cerebro.<\/li><li>Psic\u00f3loga Cl\u00ednica y empresarial de la Universidad de la Sabana de Colombia. Master y diplomada en Habilidades Directivas del Siglo XXI, con t\u00e9cnicas en Programaci\u00f3n Neuroling\u00fc\u00edstica.<\/li><li>Entrenamiento Directo en Hipnosis Cl\u00ednica, en Aplicaciones terap\u00e9uticas, en Sanaci\u00f3n Pr\u00e1nica Avanzada y en Psicoterapia.<\/li><li>M\u00e1ster en Hipnosis Ericksoniana<\/li><li>Creadora e Instructora de los Diplomados Nivel I y II de Programaci\u00f3n Neuroling\u00fc\u00edstica de ASEIA, Facilitadora de la Certificaci\u00f3n en PNL M\u00e9dica y Psiconeuroinmunoterapia y de los Programas Acad\u00e9micos de ASEIA.<\/li><\/ul><\/div>\n\t\t\t\t<\/div>\n\t\t\t\t<\/div>\n\t\t\t\t\t\t<\/div>\n\t\t\t\t\t<\/div>\n\t\t<\/div>\n\t\t\t\t\t\t\t\t<\/div>\n\t\t\t\t\t<\/div>\n\t\t<\/section>\n\t\t\t\t\t\t<\/div>\n\t\t\t\t\t\t<\/div>\n\t\t\t\t\t<\/div>\n\t\t","protected":false},"excerpt":{"rendered":"<p>La Dra. Liliana Zambrano es una de las profesionales m\u00e1s capacitadas en Programaci\u00f3n neuroling\u00fc\u00edstica (PNL) a nivel Latinoam\u00e9rica, se ha entrenado con expertos de la talla de John Grinder (cocreador de la PNL), Richard Bandler y Paul Scheel. Ha entrenado a m\u00e1s de 350 mil&nbsp; estudiantes y ha dirigido entrenamientos en coaching y liderazgo en [&hellip;]<\/p>\n","protected":false},"author":1,"featured_media":0,"parent":0,"menu_order":0,"comment_status":"closed","ping_status":"closed","template":"","meta":[],"yoast_head":"<!-- This site is optimized with the Yoast SEO plugin v16.3 - https:\/\/yoast.com\/wordpress\/plugins\/seo\/ -->\n<title>Liliana Zambrano - ASEIA By Liliana Zambrano<\/title>\n<meta name=\"robots\" content=\"noindex, follow, max-snippet:-1, max-image-preview:large, max-video-preview:-1\" \/>\n<meta property=\"og:locale\" content=\"es_ES\" \/>\n<meta property=\"og:type\" content=\"article\" \/>\n<meta property=\"og:title\" content=\"Liliana Zambrano - ASEIA By Liliana Zambrano\" \/>\n<meta property=\"og:description\" content=\"La Dra. Liliana Zambrano es una de las profesionales m\u00e1s capacitadas en Programaci\u00f3n neuroling\u00fc\u00edstica (PNL) a nivel Latinoam\u00e9rica, se ha entrenado con expertos de la talla de John Grinder (cocreador de la PNL), Richard Bandler y Paul Scheel. Ha entrenado a m\u00e1s de 350 mil&nbsp; estudiantes y ha dirigido entrenamientos en coaching y liderazgo en [&hellip;]\" \/>\n<meta property=\"og:url\" content=\"https:\/\/aseia.com.co\/sitioviejo\/liliana-zambrano\/\" \/>\n<meta property=\"og:site_name\" content=\"ASEIA By Liliana Zambrano\" \/>\n<meta property=\"article:publisher\" content=\"https:\/\/www.facebook.com\/AseiaPNL\" \/>\n<meta property=\"article:modified_time\" content=\"2023-03-27T20:42:37+00:00\" \/>\n<meta property=\"og:image\" content=\"https:\/\/www.aseia.com.co\/sitioviejo\/wp-content\/uploads\/2020\/10\/LILIANA_ZAMBRANO-2-300x300-1.jpg\" \/>\n<meta name=\"twitter:card\" content=\"summary_large_image\" \/>\n<meta name=\"twitter:site\" content=\"@pnlaseia\" \/>\n<meta name=\"twitter:label1\" content=\"Est. reading time\">\n\t<meta name=\"twitter:data1\" content=\"2 minutos\">\n<script type=\"application\/ld+json\" class=\"yoast-schema-graph\">{\"@context\":\"https:\/\/schema.org\",\"@graph\":[{\"@type\":\"Organization\",\"@id\":\"https:\/\/aseia.com.co\/sitioviejo\/#organization\",\"name\":\"ASEIA\",\"url\":\"https:\/\/aseia.com.co\/sitioviejo\/\",\"sameAs\":[\"https:\/\/www.facebook.com\/AseiaPNL\",\"https:\/\/www.instagram.com\/pnlaseia\/\",\"https:\/\/www.linkedin.com\/in\/aseia-pnl-509923139\/\",\"https:\/\/www.youtube.com\/channel\/UC14xBZqaUo2vHTPO3Z1tRLA\",\"https:\/\/twitter.com\/pnlaseia\"],\"logo\":{\"@type\":\"ImageObject\",\"@id\":\"https:\/\/aseia.com.co\/sitioviejo\/#logo\",\"inLanguage\":\"es-CO\",\"url\":\"https:\/\/www.aseia.com.co\/sitioviejo\/wp-content\/uploads\/2020\/06\/LogoAseia1.png\",\"contentUrl\":\"https:\/\/www.aseia.com.co\/sitioviejo\/wp-content\/uploads\/2020\/06\/LogoAseia1.png\",\"width\":500,\"height\":128,\"caption\":\"ASEIA\"},\"image\":{\"@id\":\"https:\/\/aseia.com.co\/sitioviejo\/#logo\"}},{\"@type\":\"WebSite\",\"@id\":\"https:\/\/aseia.com.co\/sitioviejo\/#website\",\"url\":\"https:\/\/aseia.com.co\/sitioviejo\/\",\"name\":\"ASEIA\",\"description\":\"Transforma tu vida\",\"publisher\":{\"@id\":\"https:\/\/aseia.com.co\/sitioviejo\/#organization\"},\"potentialAction\":[{\"@type\":\"SearchAction\",\"target\":\"https:\/\/aseia.com.co\/sitioviejo\/?s={search_term_string}\",\"query-input\":\"required name=search_term_string\"}],\"inLanguage\":\"es-CO\"},{\"@type\":\"ImageObject\",\"@id\":\"https:\/\/aseia.com.co\/sitioviejo\/liliana-zambrano\/#primaryimage\",\"inLanguage\":\"es-CO\",\"url\":\"https:\/\/www.aseia.com.co\/sitioviejo\/wp-content\/uploads\/2020\/10\/LILIANA_ZAMBRANO-2-300x300-1.jpg\",\"contentUrl\":\"https:\/\/www.aseia.com.co\/sitioviejo\/wp-content\/uploads\/2020\/10\/LILIANA_ZAMBRANO-2-300x300-1.jpg\"},{\"@type\":\"WebPage\",\"@id\":\"https:\/\/aseia.com.co\/sitioviejo\/liliana-zambrano\/#webpage\",\"url\":\"https:\/\/aseia.com.co\/sitioviejo\/liliana-zambrano\/\",\"name\":\"Liliana Zambrano - ASEIA By Liliana Zambrano\",\"isPartOf\":{\"@id\":\"https:\/\/aseia.com.co\/sitioviejo\/#website\"},\"primaryImageOfPage\":{\"@id\":\"https:\/\/aseia.com.co\/sitioviejo\/liliana-zambrano\/#primaryimage\"},\"datePublished\":\"2020-08-05T14:18:06+00:00\",\"dateModified\":\"2023-03-27T20:42:37+00:00\",\"breadcrumb\":{\"@id\":\"https:\/\/aseia.com.co\/sitioviejo\/liliana-zambrano\/#breadcrumb\"},\"inLanguage\":\"es-CO\",\"potentialAction\":[{\"@type\":\"ReadAction\",\"target\":[\"https:\/\/aseia.com.co\/sitioviejo\/liliana-zambrano\/\"]}]},{\"@type\":\"BreadcrumbList\",\"@id\":\"https:\/\/aseia.com.co\/sitioviejo\/liliana-zambrano\/#breadcrumb\",\"itemListElement\":[{\"@type\":\"ListItem\",\"position\":1,\"item\":{\"@type\":\"WebPage\",\"@id\":\"https:\/\/aseia.com.co\/sitioviejo\/\",\"url\":\"https:\/\/aseia.com.co\/sitioviejo\/\",\"name\":\"Home\"}},{\"@type\":\"ListItem\",\"position\":2,\"item\":{\"@id\":\"https:\/\/aseia.com.co\/sitioviejo\/liliana-zambrano\/#webpage\"}}]}]}<\/script>\n<!-- \/ Yoast SEO plugin. -->","_links":{"self":[{"href":"https:\/\/aseia.com.co\/sitioviejo\/wp-json\/wp\/v2\/pages\/1247"}],"collection":[{"href":"https:\/\/aseia.com.co\/sitioviejo\/wp-json\/wp\/v2\/pages"}],"about":[{"href":"https:\/\/aseia.com.co\/sitioviejo\/wp-json\/wp\/v2\/types\/page"}],"author":[{"embeddable":true,"href":"https:\/\/aseia.com.co\/sitioviejo\/wp-json\/wp\/v2\/users\/1"}],"replies":[{"embeddable":true,"href":"https:\/\/aseia.com.co\/sitioviejo\/wp-json\/wp\/v2\/comments?post=1247"}],"version-history":[{"count":12,"href":"https:\/\/aseia.com.co\/sitioviejo\/wp-json\/wp\/v2\/pages\/1247\/revisions"}],"predecessor-version":[{"id":9786,"href":"https:\/\/aseia.com.co\/sitioviejo\/wp-json\/wp\/v2\/pages\/1247\/revisions\/9786"}],"wp:attachment":[{"href":"https:\/\/aseia.com.co\/sitioviejo\/wp-json\/wp\/v2\/media?parent=1247"}],"curies":[{"name":"wp","href":"https:\/\/api.w.org\/{rel}","templated":true}]}}